{"id":3203,"date":"2021-03-31T10:28:35","date_gmt":"2021-03-31T08:28:35","guid":{"rendered":"https:\/\/cyclemadrid.com\/?page_id=3203"},"modified":"2023-01-31T11:16:26","modified_gmt":"2023-01-31T09:16:26","slug":"donde-comer","status":"publish","type":"page","link":"https:\/\/cyclemadrid.com\/es\/donde-comer\/","title":{"rendered":"Donde comer"},"content":{"rendered":"<div class=\"vce-row-container\"><div class=\"vce-row vce-row--col-gap-30 vce-row-equal-height vce-row-columns--top vce-row-content--top\" data-vce-full-width=\"true\" id=\"el-831d8eaa\" data-vce-do-apply=\"all el-831d8eaa\"><div class=\"vce-row-content\" data-vce-element-content=\"true\"><div class=\"vce-col vce-col--md-auto vce-col--xs-1 vce-col--xs-last vce-col--xs-first vce-col--sm-last vce-col--sm-first vce-col--md-last vce-col--lg-last vce-col--xl-last vce-col--md-first vce-col--lg-first vce-col--xl-first\" id=\"el-1a710d8a\"><div class=\"vce-col-inner\" data-vce-do-apply=\"border margin background  el-1a710d8a\"><div class=\"vce-col-content\" data-vce-element-content=\"true\" data-vce-do-apply=\"padding el-1a710d8a\"><div id=\"el-6b15558b\" class=\"vce-slider-revolution--align-left\"><div class=\"vce vce-slider-revolution\" data-vce-do-apply=\"all el-6b15558b\">\t\t\t<!-- START Slider donde comer REVOLUTION SLIDER 6.6.8 --><p class=\"rs-p-wp-fix\"><\/p>\t\t\t<rs-module-wrap id=\"rev_slider_3_1_wrapper\" data-source=\"gallery\" style=\"visibility:hidden;background:transparent;padding:0;margin:0px auto;margin-top:0;margin-bottom:0;\">\t\t\t\t<rs-module id=\"rev_slider_3_1\" style=\"\" data-version=\"6.6.8\">\t\t\t\t\t<rs-slides style=\"overflow: hidden; position: absolute;\">\t\t\t\t\t\t<rs-slide style=\"position: absolute;\" data-key=\"rs-7\" data-title=\"Intro\" data-anim=\"adpr:false;ms:2000;\" data-in=\"o:-0.5;sx:1.6;sy:1.6;e:power4.inOut;\" data-out=\"o:0;sx:0.6;sy:0.6;e:power4.inOut;\">\t\t\t\t\t\t\t<img src=\"\/\/cyclemadrid.com\/wp-content\/plugins\/revslider\/public\/assets\/assets\/dummy.png\" alt=\"\" title=\"donde-comer\" width=\"2000\" height=\"600\" class=\"rev-slidebg tp-rs-img rs-lazyload\" data-lazyload=\"\/\/cyclemadrid.com\/wp-content\/uploads\/2021\/04\/donde-comer.jpg\" data-parallax=\"10\" data-no-retina><!--\t\t\t\t\t\t\t--><h1\t\t\t\t\t\t\t\tid=\"slider-3-slide-7-layer-1\" \t\t\t\t\t\t\t\tclass=\"rs-layer NotGeneric-Title\"\t\t\t\t\t\t\t\tdata-type=\"text\"\t\t\t\t\t\t\t\tdata-color=\"rgba(255,255,255,1)\"\t\t\t\t\t\t\t\tdata-rsp_ch=\"on\"\t\t\t\t\t\t\t\tdata-xy=\"x:c;y:m;yo:0,0,-22px,-29px;\"\t\t\t\t\t\t\t\tdata-text=\"s:60,60,60,40;l:70,70,70,50;fw:800;\"\t\t\t\t\t\t\t\tdata-padding=\"t:10;b:10;\"\t\t\t\t\t\t\t\tdata-frame_0=\"sX:1.5;sY:1.5;\"\t\t\t\t\t\t\t\tdata-frame_0_mask=\"u:t;\"\t\t\t\t\t\t\t\tdata-frame_1=\"st:1000;sp:1500;\"\t\t\t\t\t\t\t\tdata-frame_1_mask=\"u:t;\"\t\t\t\t\t\t\t\tdata-frame_999=\"y:100%;e:power2.inOut;st:w;sp:1000;\"\t\t\t\t\t\t\t\tdata-frame_999_mask=\"u:t;\"\t\t\t\t\t\t\t\tstyle=\"z-index:7;font-family:'Raleway';\"\t\t\t\t\t\t\t>D\u00d3NDE COMER \t\t\t\t\t\t\t<\/h1><!--\t\t\t\t\t\t\t--><rs-layer\t\t\t\t\t\t\t\tid=\"slider-3-slide-7-layer-8\" \t\t\t\t\t\t\t\tclass=\"NotGeneric-Icon\"\t\t\t\t\t\t\t\tdata-type=\"text\"\t\t\t\t\t\t\t\tdata-color=\"rgba(255,255,255,1)\"\t\t\t\t\t\t\t\tdata-rsp_ch=\"on\"\t\t\t\t\t\t\t\tdata-xy=\"x:c;y:m;yo:-66px,-68px,-78px,-78px;\"\t\t\t\t\t\t\t\tdata-text=\"s:30;l:30;ls:3px;\"\t\t\t\t\t\t\t\tdata-frame_0=\"y:100%;\"\t\t\t\t\t\t\t\tdata-frame_0_mask=\"u:t;y:100%;\"\t\t\t\t\t\t\t\tdata-frame_1=\"e:power4.inOut;st:1000;sp:1500;\"\t\t\t\t\t\t\t\tdata-frame_1_mask=\"u:t;\"\t\t\t\t\t\t\t\tdata-frame_999=\"y:100%;e:power2.inOut;st:w;sp:1000;\"\t\t\t\t\t\t\t\tdata-frame_999_mask=\"u:t;\"\t\t\t\t\t\t\t\tstyle=\"z-index:6;font-family:'Raleway';\"\t\t\t\t\t\t\t><i class=\"fa-cutlery\"><\/i> \t\t\t\t\t\t\t<\/rs-layer><!--\t\t\t\t\t\t\t--><rs-layer\t\t\t\t\t\t\t\tid=\"slider-3-slide-7-layer-10\" \t\t\t\t\t\t\t\tclass=\"tp-shape tp-shapewrapper\"\t\t\t\t\t\t\t\tdata-type=\"shape\"\t\t\t\t\t\t\t\tdata-xy=\"x:c;y:m;\"\t\t\t\t\t\t\t\tdata-text=\"fw:800;\"\t\t\t\t\t\t\t\tdata-dim=\"w:100%;h:100%;\"\t\t\t\t\t\t\t\tdata-basealign=\"slide\"\t\t\t\t\t\t\t\tdata-rsp_bd=\"off\"\t\t\t\t\t\t\t\tdata-frame_1=\"st:750;sp:1500;\"\t\t\t\t\t\t\t\tdata-frame_999=\"e:nothing;st:w;\"\t\t\t\t\t\t\t\tstyle=\"z-index:5;background-color:rgba(0,0,0,0.40);\"\t\t\t\t\t\t\t> \t\t\t\t\t\t\t<\/rs-layer><!---->\t\t\t\t\t\t<\/rs-slide>\t\t\t\t\t<\/rs-slides>\t\t\t\t<\/rs-module>\t\t\t\t<script>\t\t\t\t\tsetREVStartSize({c: 'rev_slider_3_1',rl:[1240,1024,778,480],el:[600,500,400,300],gw:[1240,1024,778,480],gh:[600,500,400,300],type:'hero',justify:'',layout:'fullwidth',mh:\"0\"});if (window.RS_MODULES!==undefined && window.RS_MODULES.modules!==undefined && window.RS_MODULES.modules[\"revslider31\"]!==undefined) {window.RS_MODULES.modules[\"revslider31\"].once = false;window.revapi3 = undefined;if (window.RS_MODULES.checkMinimal!==undefined) window.RS_MODULES.checkMinimal()}\t\t\t\t<\/script>\t\t\t<\/rs-module-wrap>\t\t\t<!-- END REVOLUTION SLIDER --><\/div><\/div><\/div><\/div><\/div><\/div><\/div><\/div><div class=\"vce-row-container\" data-vce-boxed-width=\"true\"><div class=\"vce-row vce-row--col-gap-30 vce-row-equal-height vce-row-columns--top vce-row-content--top\" id=\"el-ac686123\" data-vce-do-apply=\"all el-ac686123\"><div class=\"vce-content-background-container\"><\/div><div class=\"vce-row-content\" data-vce-element-content=\"true\"><div class=\"vce-col vce-col--md-auto vce-col--xs-1 vce-col--xs-last vce-col--xs-first vce-col--sm-last vce-col--sm-first vce-col--md-last vce-col--lg-last vce-col--xl-last vce-col--md-first vce-col--lg-first vce-col--xl-first\" id=\"el-a211ad2f\"><div class=\"vce-col-inner\" data-vce-do-apply=\"border margin background  el-a211ad2f\"><div class=\"vce-col-content\" data-vce-element-content=\"true\" data-vce-do-apply=\"padding el-a211ad2f\"><div class=\"vce-google-fonts-heading vce-google-fonts-heading--align-center vce-google-fonts-heading--color-empty--45--5C00FF--FF7200 vce-google-fonts-heading--font-family-Montserrat\"><div class=\"vce-google-fonts-heading-wrapper\"><div class=\"vce-google-fonts-heading--background vce\" id=\"el-cebadf11\" data-vce-do-apply=\"border background  padding margin el-cebadf11\"><h2 class=\"vce-google-fonts-heading-inner\" style=\"line-height: 1.2; font-weight: 600;\">Restaurantes<\/h2><\/div><\/div><\/div><div class=\"vce vce-separator-container vce-separator--align-center vce-separator--style-solid\" id=\"el-1c1d705f\" data-vce-do-apply=\"margin el-1c1d705f\"><div class=\"vce-separator vce-separator--color-b-245-232-81 vce-separator--width-9 vce-separator--thickness-5\" data-vce-do-apply=\"border padding background  el-1c1d705f\"><\/div><\/div><div class=\"vce-text-block\"><div class=\"vce-text-block-wrapper vce\" id=\"el-f5c28742\" data-vce-do-apply=\"all el-f5c28742\"><p style=\"text-align: center;\"><span style=\"font-size: 12pt;\">Conoce nuestra amplia gama de propuestas de restaurantes donde comer en la Comunidad de Madrid, en los que podr\u00e1s disfrutar de la cl\u00e1sica cocina tradicional realizada con los mejores productos de temporada o de propuestas de fusi\u00f3n internacional e innovadoras, en un entorno \u00fanico rodeado de los mejores parques naturales, monumentos hist\u00f3ricos, y ciudades declaradas Patrimonio de la Humanidad.<\/span><\/p><p style=\"text-align: center;\"><span style=\"font-size: 12pt;\">La Comunidad de Madrid ofrece una gran variedad de productos que son est\u00e1n catalogados con el sello de calidad \u201cDenominaci\u00f3n de Origen\u201d debido a la gran calidad de las materias primas y las condiciones clim\u00e1ticas y el h\u00e1bitat donde se desarrollan. Dependiendo de la comarca a la que te dirijas, podr\u00e1s disfrutar las carnes a la brasa m\u00e1s sabrosas de la Sierra de Guadarrama o el famoso cordero lechal asado, los vinos procedentes de Arganda del Rey o San Mart\u00edn de Valdeiglesias, el an\u00eds de Chinch\u00f3n, el aceite obtenido a partir de las aceitunas de Campo Real, o los judiones de Sierra Norte.<\/span><\/p><p style=\"text-align: center;\"><span style=\"font-size: 12pt;\">Esta gran variedad convierte a los restaurantes ubicados en la Comunidad de Madrid en un plan perfecto e infalible para tus escapadas, muchos de ellos con terraza amplia y vistas espectaculares, y otros con un encanto particular propio del entorno diverso que ofrecen las diferentes comarcas.<\/span><\/p><\/div><\/div><\/div><\/div><\/div><\/div><\/div><\/div><div class=\"vce-row-container\" data-vce-boxed-width=\"true\"><div class=\"vce-row vce-row--col-gap-30 vce-row-equal-height vce-row-columns--top vce-row-content--top\" id=\"el-12c82741\" data-vce-do-apply=\"all el-12c82741\"><div class=\"vce-row-content\" data-vce-element-content=\"true\"><div class=\"vce-col vce-col--md-auto vce-col--xs-1 vce-col--xs-last vce-col--xs-first vce-col--sm-last vce-col--sm-first vce-col--md-last vce-col--lg-last vce-col--xl-last vce-col--md-first vce-col--lg-first vce-col--xl-first\" id=\"el-6ba0edf1\"><div class=\"vce-col-inner\" data-vce-do-apply=\"border margin background  el-6ba0edf1\"><div class=\"vce-col-content\" data-vce-element-content=\"true\" data-vce-do-apply=\"padding el-6ba0edf1\"><div class=\"vce-posts-grid-container\"><div class=\"vce vce-posts-grid-wrapper vce-posts-grid--gap-10 vce-posts-grid--columns-3 vce-posts-grid-pagination--color-557CBF--FFF--EEE--3d3d3d\" id=\"el-e5a1699b\" data-vce-do-apply=\"all el-e5a1699b\"><div class=\"vce-posts-grid-list\"><article class=\"vce-posts-grid-item\"><div class=\"vce-post-description vce-post-description--full vce-post-description--animation\"><a href=\"https:\/\/cyclemadrid.com\/es\/entidad\/ciclo-lodge-el-nevero\/\" class=\"vce-post-description-link\"><\/a><div class=\"vce-post-description--background-wrapper-box\">\n    <div class=\"vce-post-description--background-wrapper\">\n        <div class=\"vce-post-description--background\" style=\"background-image: url(https:\/\/cyclemadrid.com\/wp-content\/uploads\/2020\/01\/Fachada-Exterior-1.jpg);\"><\/div>\n    <\/div>\n<\/div>\n<div class=\"vce-post-description--content vce-post-description-content--has-title\">\n    <div class=\"vce-post-description--title\">\n    <h3>\n        <a href=\"https:\/\/cyclemadrid.com\/es\/entidad\/ciclo-lodge-el-nevero\/\">Ciclo Lodge- El Nevero<\/a>\n    <\/h3>\n<\/div>\n    <\/div>\n<\/div><\/article><article class=\"vce-posts-grid-item\"><div class=\"vce-post-description vce-post-description--full vce-post-description--animation\"><a href=\"https:\/\/cyclemadrid.com\/es\/entidad\/hotel-hacienda-la-coracera\/\" class=\"vce-post-description-link\"><\/a><div class=\"vce-post-description--background-wrapper-box\">\n    <div class=\"vce-post-description--background-wrapper\">\n        <div class=\"vce-post-description--background\" style=\"background-image: url(https:\/\/cyclemadrid.com\/wp-content\/uploads\/2020\/03\/ciclistas-coracera_opt.jpg);\"><\/div>\n    <\/div>\n<\/div>\n<div class=\"vce-post-description--content vce-post-description-content--has-title\">\n    <div class=\"vce-post-description--title\">\n    <h3>\n        <a href=\"https:\/\/cyclemadrid.com\/es\/entidad\/hotel-hacienda-la-coracera\/\">Hotel Hacienda la Coracera<\/a>\n    <\/h3>\n<\/div>\n    <\/div>\n<\/div><\/article><article class=\"vce-posts-grid-item\"><div class=\"vce-post-description vce-post-description--full vce-post-description--animation\"><a href=\"https:\/\/cyclemadrid.com\/es\/entidad\/1248\/\" class=\"vce-post-description-link\"><\/a><div class=\"vce-post-description--background-wrapper-box\">\n    <div class=\"vce-post-description--background-wrapper\">\n        <div class=\"vce-post-description--background\" style=\"background-image: url(https:\/\/cyclemadrid.com\/wp-content\/uploads\/2020\/04\/cabanas-en-arboles-5.jpg);\"><\/div>\n    <\/div>\n<\/div>\n<div class=\"vce-post-description--content vce-post-description-content--has-title\">\n    <div class=\"vce-post-description--title\">\n    <h3>\n        <a href=\"https:\/\/cyclemadrid.com\/es\/entidad\/1248\/\">Monte Holiday Ecoturismo<\/a>\n    <\/h3>\n<\/div>\n    <\/div>\n<\/div><\/article><article class=\"vce-posts-grid-item\"><div class=\"vce-post-description vce-post-description--full vce-post-description--animation\"><a href=\"https:\/\/cyclemadrid.com\/es\/entidad\/casa-rural-vega-del-tielmes\/\" class=\"vce-post-description-link\"><\/a><div class=\"vce-post-description--background-wrapper-box\">\n    <div class=\"vce-post-description--background-wrapper\">\n        <div class=\"vce-post-description--background\" style=\"background-image: url(https:\/\/cyclemadrid.com\/wp-content\/uploads\/2020\/03\/Captura-de-pantalla-2020-03-24-a-las-11.16.55.png);\"><\/div>\n    <\/div>\n<\/div>\n<div class=\"vce-post-description--content vce-post-description-content--has-title\">\n    <div class=\"vce-post-description--title\">\n    <h3>\n        <a href=\"https:\/\/cyclemadrid.com\/es\/entidad\/casa-rural-vega-del-tielmes\/\">Casa Rural Vega de Tielmes<\/a>\n    <\/h3>\n<\/div>\n    <\/div>\n<\/div><\/article><\/div><\/div><\/div><\/div><\/div><\/div><\/div><\/div><\/div>\n","protected":false},"excerpt":{"rendered":"<p>RestaurantesConoce nuestra amplia gama de propuestas de restaurantes donde comer en la Comunidad de Madrid, en los que podr\u00e1s disfrutar de la cl\u00e1sica cocina tradicional realizada con los mejores productos de temporada o de propuestas de fusi\u00f3n internacional e innovadoras, en un entorno \u00fanico rodeado de los mejores parques naturales, monumentos hist\u00f3ricos, y ciudades declaradas&hellip;<\/p>\n","protected":false},"author":3,"featured_media":0,"parent":0,"menu_order":0,"comment_status":"closed","ping_status":"closed","template":"page-templates\/template-full-width.php","meta":{"footnotes":""},"class_list":["post-3203","page","type-page","status-publish","hentry"],"yoast_head":"<!-- This site is optimized with the Yoast SEO plugin v23.9 - https:\/\/yoast.com\/wordpress\/plugins\/seo\/ -->\n<title>Donde comer en Madrid | CycleMadrid P\u00e1gina Oficial<\/title>\n<meta name=\"description\" content=\"Averigua donde comer en Madrid y cuales son los mejores sitios gastron\u00f3micos de la ciudad perfectos para disfrutar del turismo madrile\u00f1o.\" \/>\n<meta name=\"robots\" content=\"index, follow, max-snippet:-1, max-image-preview:large, max-video-preview:-1\" \/>\n<link rel=\"canonical\" href=\"https:\/\/cyclemadrid.com\/es\/donde-comer\/\" \/>\n<meta property=\"og:locale\" content=\"es_ES\" \/>\n<meta property=\"og:type\" content=\"article\" \/>\n<meta property=\"og:title\" content=\"Donde comer en Madrid | CycleMadrid P\u00e1gina Oficial\" \/>\n<meta property=\"og:description\" content=\"Averigua donde comer en Madrid y cuales son los mejores sitios gastron\u00f3micos de la ciudad perfectos para disfrutar del turismo madrile\u00f1o.\" \/>\n<meta property=\"og:url\" content=\"https:\/\/cyclemadrid.com\/es\/donde-comer\/\" \/>\n<meta property=\"og:site_name\" content=\"CycleMadrid P\u00e1gina Oficial\" \/>\n<meta property=\"article:modified_time\" content=\"2023-01-31T09:16:26+00:00\" \/>\n<meta name=\"twitter:card\" content=\"summary_large_image\" \/>\n<meta name=\"twitter:label1\" content=\"Tiempo de lectura\" \/>\n\t<meta name=\"twitter:data1\" content=\"1 minuto\" \/>\n<script type=\"application\/ld+json\" class=\"yoast-schema-graph\">{\"@context\":\"https:\/\/schema.org\",\"@graph\":[{\"@type\":\"WebPage\",\"@id\":\"https:\/\/cyclemadrid.com\/es\/donde-comer\/\",\"url\":\"https:\/\/cyclemadrid.com\/es\/donde-comer\/\",\"name\":\"Donde comer en Madrid | CycleMadrid P\u00e1gina Oficial\",\"isPartOf\":{\"@id\":\"https:\/\/cyclemadrid.com\/es\/#website\"},\"datePublished\":\"2021-03-31T08:28:35+00:00\",\"dateModified\":\"2023-01-31T09:16:26+00:00\",\"description\":\"Averigua donde comer en Madrid y cuales son los mejores sitios gastron\u00f3micos de la ciudad perfectos para disfrutar del turismo madrile\u00f1o.\",\"breadcrumb\":{\"@id\":\"https:\/\/cyclemadrid.com\/es\/donde-comer\/#breadcrumb\"},\"inLanguage\":\"es\",\"potentialAction\":[{\"@type\":\"ReadAction\",\"target\":[\"https:\/\/cyclemadrid.com\/es\/donde-comer\/\"]}]},{\"@type\":\"BreadcrumbList\",\"@id\":\"https:\/\/cyclemadrid.com\/es\/donde-comer\/#breadcrumb\",\"itemListElement\":[{\"@type\":\"ListItem\",\"position\":1,\"name\":\"Portada\",\"item\":\"https:\/\/cyclemadrid.com\/es\/\"},{\"@type\":\"ListItem\",\"position\":2,\"name\":\"Donde comer\"}]},{\"@type\":\"WebSite\",\"@id\":\"https:\/\/cyclemadrid.com\/es\/#website\",\"url\":\"https:\/\/cyclemadrid.com\/es\/\",\"name\":\"CycleMadrid P\u00e1gina Oficial\",\"description\":\"P\u00e1gina Oficial de CycleMadrid | Tus rutas de Cicloturismo en la Comunidad de Madrid\",\"publisher\":{\"@id\":\"https:\/\/cyclemadrid.com\/es\/#organization\"},\"potentialAction\":[{\"@type\":\"SearchAction\",\"target\":{\"@type\":\"EntryPoint\",\"urlTemplate\":\"https:\/\/cyclemadrid.com\/es\/?s={search_term_string}\"},\"query-input\":{\"@type\":\"PropertyValueSpecification\",\"valueRequired\":true,\"valueName\":\"search_term_string\"}}],\"inLanguage\":\"es\"},{\"@type\":\"Organization\",\"@id\":\"https:\/\/cyclemadrid.com\/es\/#organization\",\"name\":\"Cyclemadrid\",\"url\":\"https:\/\/cyclemadrid.com\/es\/\",\"logo\":{\"@type\":\"ImageObject\",\"inLanguage\":\"es\",\"@id\":\"https:\/\/cyclemadrid.com\/es\/#\/schema\/logo\/image\/\",\"url\":\"https:\/\/cyclemadrid.com\/wp-content\/uploads\/2023\/07\/cyclemadrid.png\",\"contentUrl\":\"https:\/\/cyclemadrid.com\/wp-content\/uploads\/2023\/07\/cyclemadrid.png\",\"width\":32,\"height\":32,\"caption\":\"Cyclemadrid\"},\"image\":{\"@id\":\"https:\/\/cyclemadrid.com\/es\/#\/schema\/logo\/image\/\"}}]}<\/script>\n<!-- \/ Yoast SEO plugin. -->","yoast_head_json":{"title":"Donde comer en Madrid | CycleMadrid P\u00e1gina Oficial","description":"Averigua donde comer en Madrid y cuales son los mejores sitios gastron\u00f3micos de la ciudad perfectos para disfrutar del turismo madrile\u00f1o.","robots":{"index":"index","follow":"follow","max-snippet":"max-snippet:-1","max-image-preview":"max-image-preview:large","max-video-preview":"max-video-preview:-1"},"canonical":"https:\/\/cyclemadrid.com\/es\/donde-comer\/","og_locale":"es_ES","og_type":"article","og_title":"Donde comer en Madrid | CycleMadrid P\u00e1gina Oficial","og_description":"Averigua donde comer en Madrid y cuales son los mejores sitios gastron\u00f3micos de la ciudad perfectos para disfrutar del turismo madrile\u00f1o.","og_url":"https:\/\/cyclemadrid.com\/es\/donde-comer\/","og_site_name":"CycleMadrid P\u00e1gina Oficial","article_modified_time":"2023-01-31T09:16:26+00:00","twitter_card":"summary_large_image","twitter_misc":{"Tiempo de lectura":"1 minuto"},"schema":{"@context":"https:\/\/schema.org","@graph":[{"@type":"WebPage","@id":"https:\/\/cyclemadrid.com\/es\/donde-comer\/","url":"https:\/\/cyclemadrid.com\/es\/donde-comer\/","name":"Donde comer en Madrid | CycleMadrid P\u00e1gina Oficial","isPartOf":{"@id":"https:\/\/cyclemadrid.com\/es\/#website"},"datePublished":"2021-03-31T08:28:35+00:00","dateModified":"2023-01-31T09:16:26+00:00","description":"Averigua donde comer en Madrid y cuales son los mejores sitios gastron\u00f3micos de la ciudad perfectos para disfrutar del turismo madrile\u00f1o.","breadcrumb":{"@id":"https:\/\/cyclemadrid.com\/es\/donde-comer\/#breadcrumb"},"inLanguage":"es","potentialAction":[{"@type":"ReadAction","target":["https:\/\/cyclemadrid.com\/es\/donde-comer\/"]}]},{"@type":"BreadcrumbList","@id":"https:\/\/cyclemadrid.com\/es\/donde-comer\/#breadcrumb","itemListElement":[{"@type":"ListItem","position":1,"name":"Portada","item":"https:\/\/cyclemadrid.com\/es\/"},{"@type":"ListItem","position":2,"name":"Donde comer"}]},{"@type":"WebSite","@id":"https:\/\/cyclemadrid.com\/es\/#website","url":"https:\/\/cyclemadrid.com\/es\/","name":"CycleMadrid P\u00e1gina Oficial","description":"P\u00e1gina Oficial de CycleMadrid | Tus rutas de Cicloturismo en la Comunidad de Madrid","publisher":{"@id":"https:\/\/cyclemadrid.com\/es\/#organization"},"potentialAction":[{"@type":"SearchAction","target":{"@type":"EntryPoint","urlTemplate":"https:\/\/cyclemadrid.com\/es\/?s={search_term_string}"},"query-input":{"@type":"PropertyValueSpecification","valueRequired":true,"valueName":"search_term_string"}}],"inLanguage":"es"},{"@type":"Organization","@id":"https:\/\/cyclemadrid.com\/es\/#organization","name":"Cyclemadrid","url":"https:\/\/cyclemadrid.com\/es\/","logo":{"@type":"ImageObject","inLanguage":"es","@id":"https:\/\/cyclemadrid.com\/es\/#\/schema\/logo\/image\/","url":"https:\/\/cyclemadrid.com\/wp-content\/uploads\/2023\/07\/cyclemadrid.png","contentUrl":"https:\/\/cyclemadrid.com\/wp-content\/uploads\/2023\/07\/cyclemadrid.png","width":32,"height":32,"caption":"Cyclemadrid"},"image":{"@id":"https:\/\/cyclemadrid.com\/es\/#\/schema\/logo\/image\/"}}]}},"_links":{"self":[{"href":"https:\/\/cyclemadrid.com\/es\/wp-json\/wp\/v2\/pages\/3203","targetHints":{"allow":["GET"]}}],"collection":[{"href":"https:\/\/cyclemadrid.com\/es\/wp-json\/wp\/v2\/pages"}],"about":[{"href":"https:\/\/cyclemadrid.com\/es\/wp-json\/wp\/v2\/types\/page"}],"author":[{"embeddable":true,"href":"https:\/\/cyclemadrid.com\/es\/wp-json\/wp\/v2\/users\/3"}],"replies":[{"embeddable":true,"href":"https:\/\/cyclemadrid.com\/es\/wp-json\/wp\/v2\/comments?post=3203"}],"version-history":[{"count":23,"href":"https:\/\/cyclemadrid.com\/es\/wp-json\/wp\/v2\/pages\/3203\/revisions"}],"predecessor-version":[{"id":3769,"href":"https:\/\/cyclemadrid.com\/es\/wp-json\/wp\/v2\/pages\/3203\/revisions\/3769"}],"wp:attachment":[{"href":"https:\/\/cyclemadrid.com\/es\/wp-json\/wp\/v2\/media?parent=3203"}],"curies":[{"name":"wp","href":"https:\/\/api.w.org\/{rel}","templated":true}]}}