{"id":5697,"date":"2023-11-27T10:02:49","date_gmt":"2023-11-27T09:02:49","guid":{"rendered":"https:\/\/cyclemadrid.com\/ou-manger\/"},"modified":"2024-06-24T15:43:12","modified_gmt":"2024-06-24T13:43:12","slug":"ou-manger","status":"publish","type":"page","link":"https:\/\/cyclemadrid.com\/fr\/ou-manger\/","title":{"rendered":"O\u00f9 manger"},"content":{"rendered":"<div class=\"vce-row-container\"><div class=\"vce-row vce-row--col-gap-30 vce-row-equal-height vce-row-content--top\" data-vce-full-width=\"true\" id=\"el-831d8eaa\" data-vce-do-apply=\"all el-831d8eaa\"><div class=\"vce-row-content\" data-vce-element-content=\"true\"><div class=\"vce-col vce-col--md-auto vce-col--xs-1 vce-col--xs-last vce-col--xs-first vce-col--sm-last vce-col--sm-first vce-col--md-last vce-col--lg-last vce-col--xl-last vce-col--md-first vce-col--lg-first vce-col--xl-first\" id=\"el-1a710d8a\"><div class=\"vce-col-inner\" data-vce-do-apply=\"border margin background  el-1a710d8a\"><div class=\"vce-col-content\" data-vce-element-content=\"true\" data-vce-do-apply=\"padding el-1a710d8a\"><div id=\"el-6b15558b\" class=\"vce-slider-revolution--align-left\"><div class=\"vce vce-slider-revolution\" data-vce-do-apply=\"all el-6b15558b\">\t\t\t<!-- START Slider donde comer REVOLUTION SLIDER 6.6.8 --><p class=\"rs-p-wp-fix\"><\/p>\t\t\t<rs-module-wrap id=\"rev_slider_3_1_wrapper\" data-source=\"gallery\" style=\"visibility:hidden;background:transparent;padding:0;margin:0px auto;margin-top:0;margin-bottom:0;\">\t\t\t\t<rs-module id=\"rev_slider_3_1\" style=\"\" data-version=\"6.6.8\">\t\t\t\t\t<rs-slides style=\"overflow: hidden; position: absolute;\">\t\t\t\t\t\t<rs-slide style=\"position: absolute;\" data-key=\"rs-7\" data-title=\"Intro\" data-anim=\"adpr:false;ms:2000;\" data-in=\"o:-0.5;sx:1.6;sy:1.6;e:power4.inOut;\" data-out=\"o:0;sx:0.6;sy:0.6;e:power4.inOut;\">\t\t\t\t\t\t\t<img src=\"\/\/cyclemadrid.com\/wp-content\/plugins\/revslider\/public\/assets\/assets\/dummy.png\" alt=\"\" title=\"donde-comer\" width=\"2000\" height=\"600\" class=\"rev-slidebg tp-rs-img rs-lazyload\" data-lazyload=\"\/\/cyclemadrid.com\/wp-content\/uploads\/2021\/04\/donde-comer.jpg\" data-parallax=\"10\" data-no-retina><!--\t\t\t\t\t\t\t--><h1\t\t\t\t\t\t\t\tid=\"slider-3-slide-7-layer-1\" \t\t\t\t\t\t\t\tclass=\"rs-layer NotGeneric-Title\"\t\t\t\t\t\t\t\tdata-type=\"text\"\t\t\t\t\t\t\t\tdata-color=\"rgba(255,255,255,1)\"\t\t\t\t\t\t\t\tdata-rsp_ch=\"on\"\t\t\t\t\t\t\t\tdata-xy=\"x:c;y:m;yo:0,0,-22px,-29px;\"\t\t\t\t\t\t\t\tdata-text=\"s:60,60,60,40;l:70,70,70,50;fw:800;\"\t\t\t\t\t\t\t\tdata-padding=\"t:10;b:10;\"\t\t\t\t\t\t\t\tdata-frame_0=\"sX:1.5;sY:1.5;\"\t\t\t\t\t\t\t\tdata-frame_0_mask=\"u:t;\"\t\t\t\t\t\t\t\tdata-frame_1=\"st:1000;sp:1500;\"\t\t\t\t\t\t\t\tdata-frame_1_mask=\"u:t;\"\t\t\t\t\t\t\t\tdata-frame_999=\"y:100%;e:power2.inOut;st:w;sp:1000;\"\t\t\t\t\t\t\t\tdata-frame_999_mask=\"u:t;\"\t\t\t\t\t\t\t\tstyle=\"z-index:7;font-family:'Raleway';\"\t\t\t\t\t\t\t>D\u00d3NDE COMER \t\t\t\t\t\t\t<\/h1><!--\t\t\t\t\t\t\t--><rs-layer\t\t\t\t\t\t\t\tid=\"slider-3-slide-7-layer-8\" \t\t\t\t\t\t\t\tclass=\"NotGeneric-Icon\"\t\t\t\t\t\t\t\tdata-type=\"text\"\t\t\t\t\t\t\t\tdata-color=\"rgba(255,255,255,1)\"\t\t\t\t\t\t\t\tdata-rsp_ch=\"on\"\t\t\t\t\t\t\t\tdata-xy=\"x:c;y:m;yo:-66px,-68px,-78px,-78px;\"\t\t\t\t\t\t\t\tdata-text=\"s:30;l:30;ls:3px;\"\t\t\t\t\t\t\t\tdata-frame_0=\"y:100%;\"\t\t\t\t\t\t\t\tdata-frame_0_mask=\"u:t;y:100%;\"\t\t\t\t\t\t\t\tdata-frame_1=\"e:power4.inOut;st:1000;sp:1500;\"\t\t\t\t\t\t\t\tdata-frame_1_mask=\"u:t;\"\t\t\t\t\t\t\t\tdata-frame_999=\"y:100%;e:power2.inOut;st:w;sp:1000;\"\t\t\t\t\t\t\t\tdata-frame_999_mask=\"u:t;\"\t\t\t\t\t\t\t\tstyle=\"z-index:6;font-family:'Raleway';\"\t\t\t\t\t\t\t><i class=\"fa-cutlery\"><\/i> \t\t\t\t\t\t\t<\/rs-layer><!--\t\t\t\t\t\t\t--><rs-layer\t\t\t\t\t\t\t\tid=\"slider-3-slide-7-layer-10\" \t\t\t\t\t\t\t\tclass=\"tp-shape tp-shapewrapper\"\t\t\t\t\t\t\t\tdata-type=\"shape\"\t\t\t\t\t\t\t\tdata-xy=\"x:c;y:m;\"\t\t\t\t\t\t\t\tdata-text=\"fw:800;\"\t\t\t\t\t\t\t\tdata-dim=\"w:100%;h:100%;\"\t\t\t\t\t\t\t\tdata-basealign=\"slide\"\t\t\t\t\t\t\t\tdata-rsp_bd=\"off\"\t\t\t\t\t\t\t\tdata-frame_1=\"st:750;sp:1500;\"\t\t\t\t\t\t\t\tdata-frame_999=\"e:nothing;st:w;\"\t\t\t\t\t\t\t\tstyle=\"z-index:5;background-color:rgba(0,0,0,0.40);\"\t\t\t\t\t\t\t> \t\t\t\t\t\t\t<\/rs-layer><!---->\t\t\t\t\t\t<\/rs-slide>\t\t\t\t\t<\/rs-slides>\t\t\t\t<\/rs-module>\t\t\t\t<script>\t\t\t\t\tsetREVStartSize({c: 'rev_slider_3_1',rl:[1240,1024,778,480],el:[600,500,400,300],gw:[1240,1024,778,480],gh:[600,500,400,300],type:'hero',justify:'',layout:'fullwidth',mh:\"0\"});if (window.RS_MODULES!==undefined && window.RS_MODULES.modules!==undefined && window.RS_MODULES.modules[\"revslider31\"]!==undefined) {window.RS_MODULES.modules[\"revslider31\"].once = false;window.revapi3 = undefined;if (window.RS_MODULES.checkMinimal!==undefined) window.RS_MODULES.checkMinimal()}\t\t\t\t<\/script>\t\t\t<\/rs-module-wrap>\t\t\t<!-- END REVOLUTION SLIDER --><\/div><\/div><\/div><\/div><\/div><\/div><\/div><\/div><div class=\"vce-row-container\" data-vce-boxed-width=\"true\"><div class=\"vce-row vce-row--col-gap-30 vce-row-equal-height vce-row-content--top\" id=\"el-ac686123\" data-vce-do-apply=\"all el-ac686123\"><div class=\"vce-content-background-container\"><\/div><div class=\"vce-row-content\" data-vce-element-content=\"true\"><div class=\"vce-col vce-col--md-auto vce-col--xs-1 vce-col--xs-last vce-col--xs-first vce-col--sm-last vce-col--sm-first vce-col--md-last vce-col--lg-last vce-col--xl-last vce-col--md-first vce-col--lg-first vce-col--xl-first\" id=\"el-a211ad2f\"><div class=\"vce-col-inner\" data-vce-do-apply=\"border margin background  el-a211ad2f\"><div class=\"vce-col-content\" data-vce-element-content=\"true\" data-vce-do-apply=\"padding el-a211ad2f\"><div class=\"vce-google-fonts-heading vce-google-fonts-heading--align-center vce-google-fonts-heading--color-empty--45--5C00FF--FF7200 vce-google-fonts-heading--font-family-Montserrat\"><div class=\"vce-google-fonts-heading-wrapper\"><div class=\"vce-google-fonts-heading--background vce\" id=\"el-cebadf11\" data-vce-do-apply=\"border background  padding margin el-cebadf11\"><h2 class=\"vce-google-fonts-heading-inner\" style=\"line-height: 1.2; font-weight: 600; font-style: normal;\">Restaurants<\/h2><\/div><\/div><\/div><div class=\"vce vce-separator-container vce-separator--align-center vce-separator--style-solid\" id=\"el-1c1d705f\" data-vce-do-apply=\"margin el-1c1d705f\"><div class=\"vce-separator vce-separator--color-b-245-232-81 vce-separator--width-9 vce-separator--thickness-5\" data-vce-do-apply=\"border padding background  el-1c1d705f\"><\/div><\/div><div class=\"vce-text-block\"><div class=\"vce-text-block-wrapper vce\" id=\"el-f5c28742\" data-vce-do-apply=\"all el-f5c28742\"><p style=\"text-align: center;\"><span style=\"font-size: 12pt;\">D\u00e9couvrez notre vaste gamme de restaurants o\u00f9 manger dans la Communaut\u00e9 de Madrid, o\u00f9 vous pourrez d\u00e9guster la cuisine traditionnelle classique \u00e9labor\u00e9e avec les meilleurs produits de saison ou des propositions fusion internationales et innovantes, dans un cadre unique entour\u00e9 des meilleurs parcs naturels, monuments historiques et villes d\u00e9clar\u00e9es Patrimoine de l'humanit\u00e9.<\/span><\/p><p style=\"text-align: center;\"><span style=\"font-size: 12pt;\">La Communaut\u00e9 de Madrid offre une grande vari\u00e9t\u00e9 de produits qui b\u00e9n\u00e9ficient du label de qualit\u00e9 \"Appellation d'origine\" en raison de la grande qualit\u00e9 des mati\u00e8res premi\u00e8res, des conditions climatiques et de l'habitat dans lesquels ils sont cultiv\u00e9s. Selon la r\u00e9gion o\u00f9 vous vous rendez, vous pourrez d\u00e9guster les grillades les plus savoureuses de la Sierra de Guadarrama ou le c\u00e9l\u00e8bre agneau de lait r\u00f4ti, les vins d'Arganda del Rey ou de San Mart\u00edn de Valdeiglesias, l'anis de Chinch\u00f3n, l'huile d'olive de Campo Real ou les haricots de la Sierra Norte.<\/span><\/p><p style=\"text-align: center;\"><span style=\"font-size: 12pt;\">Cette grande vari\u00e9t\u00e9 fait des restaurants situ\u00e9s dans la r\u00e9gion de Madrid un plan parfait et infaillible pour votre escapade, beaucoup d'entre eux avec de grandes terrasses et des vues spectaculaires, et d'autres avec un charme particulier typique de l'environnement diversifi\u00e9 offert par les diff\u00e9rentes r\u00e9gions.<\/span><\/p><\/div><\/div><\/div><\/div><\/div><\/div><\/div><\/div><div class=\"vce-row-container\" data-vce-boxed-width=\"true\"><div class=\"vce-row vce-row--col-gap-30 vce-row-equal-height vce-row-content--top\" id=\"el-12c82741\" data-vce-do-apply=\"all el-12c82741\"><div class=\"vce-row-content\" data-vce-element-content=\"true\"><div class=\"vce-col vce-col--md-auto vce-col--xs-1 vce-col--xs-last vce-col--xs-first vce-col--sm-last vce-col--sm-first vce-col--md-last vce-col--lg-last vce-col--xl-last vce-col--md-first vce-col--lg-first vce-col--xl-first\" id=\"el-6ba0edf1\"><div class=\"vce-col-inner\" data-vce-do-apply=\"border margin background  el-6ba0edf1\"><div class=\"vce-col-content\" data-vce-element-content=\"true\" data-vce-do-apply=\"padding el-6ba0edf1\"><div class=\"vce-posts-grid-container\" style=\"--gapPx: 10px; --columns: 3; --paginationColor: #EEE; --paginationActiveColor: #557CBF; --paginationTextColor: #3d3d3d; --paginationActiveTextColor: #FFF; --paginationHoverColor: #e2e2e2; --paginationActiveHoverColor: #5176b5;\"><div class=\"vce vce-posts-grid-wrapper\" id=\"el-e5a1699b\" data-vce-do-apply=\"all el-e5a1699b\"><div class=\"vce-posts-grid-list\"><article class=\"vce-posts-grid-item\"><div class=\"vce-post-description vce-post-description--full vce-post-description--animation\"><a href=\"https:\/\/cyclemadrid.com\/fr\/entidad\/ciclo-lodge-el-nevero\/\" class=\"vce-post-description-link\" aria-label=\"Ciclo Lodge- El Nevero\"><\/a><div class=\"vce-post-description--background-wrapper-box\">\n    <div class=\"vce-post-description--background-wrapper\">\n        <div class=\"vce-post-description--background\" style=\"background-image: url(https:\/\/cyclemadrid.com\/wp-content\/uploads\/2020\/01\/Fachada-Exterior-1.jpg);\"><\/div>\n    <\/div>\n<\/div>\n<div class=\"vce-post-description--content vce-post-description-content--has-title\">\n    <div class=\"vce-post-description--title\">\n    <h3>\n        <a href=\"https:\/\/cyclemadrid.com\/fr\/entidad\/ciclo-lodge-el-nevero\/\">Ciclo Lodge- El Nevero<\/a>\n    <\/h3>\n<\/div>\n    <\/div>\n<\/div><\/article><article class=\"vce-posts-grid-item\"><div class=\"vce-post-description vce-post-description--full vce-post-description--animation\"><a href=\"https:\/\/cyclemadrid.com\/fr\/entidad\/hotel-hacienda-la-coracera\/\" class=\"vce-post-description-link\" aria-label=\"Hotel Hacienda la Coracera\"><\/a><div class=\"vce-post-description--background-wrapper-box\">\n    <div class=\"vce-post-description--background-wrapper\">\n        <div class=\"vce-post-description--background\" style=\"background-image: url(https:\/\/cyclemadrid.com\/wp-content\/uploads\/2020\/03\/ciclistas-coracera_opt.jpg);\"><\/div>\n    <\/div>\n<\/div>\n<div class=\"vce-post-description--content vce-post-description-content--has-title\">\n    <div class=\"vce-post-description--title\">\n    <h3>\n        <a href=\"https:\/\/cyclemadrid.com\/fr\/entidad\/hotel-hacienda-la-coracera\/\">Hotel Hacienda la Coracera<\/a>\n    <\/h3>\n<\/div>\n    <\/div>\n<\/div><\/article><article class=\"vce-posts-grid-item\"><div class=\"vce-post-description vce-post-description--full vce-post-description--animation\"><a href=\"https:\/\/cyclemadrid.com\/fr\/entidad\/1248\/\" class=\"vce-post-description-link\" aria-label=\"Monte Holiday Ecoturismo\"><\/a><div class=\"vce-post-description--background-wrapper-box\">\n    <div class=\"vce-post-description--background-wrapper\">\n        <div class=\"vce-post-description--background\" style=\"background-image: url(https:\/\/cyclemadrid.com\/wp-content\/uploads\/2020\/04\/cabanas-en-arboles-5.jpg);\"><\/div>\n    <\/div>\n<\/div>\n<div class=\"vce-post-description--content vce-post-description-content--has-title\">\n    <div class=\"vce-post-description--title\">\n    <h3>\n        <a href=\"https:\/\/cyclemadrid.com\/fr\/entidad\/1248\/\">Monte Holiday Ecoturismo<\/a>\n    <\/h3>\n<\/div>\n    <\/div>\n<\/div><\/article><article class=\"vce-posts-grid-item\"><div class=\"vce-post-description vce-post-description--full vce-post-description--animation\"><a href=\"https:\/\/cyclemadrid.com\/fr\/entidad\/casa-rural-vega-del-tielmes\/\" class=\"vce-post-description-link\" aria-label=\"Casa Rural Vega de Tielmes\"><\/a><div class=\"vce-post-description--background-wrapper-box\">\n    <div class=\"vce-post-description--background-wrapper\">\n        <div class=\"vce-post-description--background\" style=\"background-image: url(https:\/\/cyclemadrid.com\/wp-content\/uploads\/2020\/03\/Captura-de-pantalla-2020-03-24-a-las-11.16.55.png);\"><\/div>\n    <\/div>\n<\/div>\n<div class=\"vce-post-description--content vce-post-description-content--has-title\">\n    <div class=\"vce-post-description--title\">\n    <h3>\n        <a href=\"https:\/\/cyclemadrid.com\/fr\/entidad\/casa-rural-vega-del-tielmes\/\">Casa Rural Vega de Tielmes<\/a>\n    <\/h3>\n<\/div>\n    <\/div>\n<\/div><\/article><\/div><\/div><\/div><\/div><\/div><\/div><\/div><\/div><\/div>\n","protected":false},"excerpt":{"rendered":"<p>RestaurantsD\u00e9couvrez notre vaste gamme de restaurants o\u00f9 manger dans la Communaut\u00e9 de Madrid, o\u00f9 vous pourrez d\u00e9guster la cuisine traditionnelle classique \u00e9labor\u00e9e avec les meilleurs produits de saison ou des propositions fusion internationales et innovantes, dans un cadre unique entour\u00e9 des meilleurs parcs naturels, monuments historiques et villes d\u00e9clar\u00e9es Patrimoine de l&#8217;humanit\u00e9.La Communaut\u00e9 de Madrid&hellip;<\/p>\n","protected":false},"author":3,"featured_media":0,"parent":0,"menu_order":0,"comment_status":"closed","ping_status":"closed","template":"page-templates\/template-full-width.php","meta":{"footnotes":""},"class_list":["post-5697","page","type-page","status-publish","hentry"],"yoast_head":"<!-- This site is optimized with the Yoast SEO plugin v23.9 - https:\/\/yoast.com\/wordpress\/plugins\/seo\/ -->\n<title>O\u00f9 manger in Madrid%page%sep%sitename%sitename%sitename%%%%.<\/title>\n<meta name=\"description\" content=\"D\u00e9couvrez o\u00f9 manger \u00e0 Madrid et quels sont les meilleurs endroits gastronomiques de la ville, parfaits pour profiter du tourisme madril\u00e8ne.\" \/>\n<meta name=\"robots\" content=\"index, follow, max-snippet:-1, max-image-preview:large, max-video-preview:-1\" \/>\n<link rel=\"canonical\" href=\"https:\/\/cyclemadrid.com\/fr\/ou-manger\/\" \/>\n<meta property=\"og:locale\" content=\"fr_FR\" \/>\n<meta property=\"og:type\" content=\"article\" \/>\n<meta property=\"og:title\" content=\"O\u00f9 manger in Madrid%page%sep%sitename%sitename%sitename%%%%.\" \/>\n<meta property=\"og:description\" content=\"D\u00e9couvrez o\u00f9 manger \u00e0 Madrid et quels sont les meilleurs endroits gastronomiques de la ville, parfaits pour profiter du tourisme madril\u00e8ne.\" \/>\n<meta property=\"og:url\" content=\"https:\/\/cyclemadrid.com\/fr\/ou-manger\/\" \/>\n<meta property=\"og:site_name\" content=\"CycleMadrid P\u00e1gina Oficial\" \/>\n<meta property=\"article:modified_time\" content=\"2024-06-24T13:43:12+00:00\" \/>\n<meta name=\"twitter:card\" content=\"summary_large_image\" \/>\n<meta name=\"twitter:label1\" content=\"Dur\u00e9e de lecture estim\u00e9e\" \/>\n\t<meta name=\"twitter:data1\" content=\"2 minutes\" \/>\n<script type=\"application\/ld+json\" class=\"yoast-schema-graph\">{\"@context\":\"https:\/\/schema.org\",\"@graph\":[{\"@type\":\"WebPage\",\"@id\":\"https:\/\/cyclemadrid.com\/fr\/ou-manger\/\",\"url\":\"https:\/\/cyclemadrid.com\/fr\/ou-manger\/\",\"name\":\"O\u00f9 manger in Madrid%page%sep%sitename%sitename%sitename%%%%.\",\"isPartOf\":{\"@id\":\"https:\/\/cyclemadrid.com\/fr\/#website\"},\"datePublished\":\"2023-11-27T09:02:49+00:00\",\"dateModified\":\"2024-06-24T13:43:12+00:00\",\"description\":\"D\u00e9couvrez o\u00f9 manger \u00e0 Madrid et quels sont les meilleurs endroits gastronomiques de la ville, parfaits pour profiter du tourisme madril\u00e8ne.\",\"breadcrumb\":{\"@id\":\"https:\/\/cyclemadrid.com\/fr\/ou-manger\/#breadcrumb\"},\"inLanguage\":\"fr-FR\",\"potentialAction\":[{\"@type\":\"ReadAction\",\"target\":[\"https:\/\/cyclemadrid.com\/fr\/ou-manger\/\"]}]},{\"@type\":\"BreadcrumbList\",\"@id\":\"https:\/\/cyclemadrid.com\/fr\/ou-manger\/#breadcrumb\",\"itemListElement\":[{\"@type\":\"ListItem\",\"position\":1,\"name\":\"Portada\",\"item\":\"https:\/\/cyclemadrid.com\/fr\/\"},{\"@type\":\"ListItem\",\"position\":2,\"name\":\"O\u00f9 manger\"}]},{\"@type\":\"WebSite\",\"@id\":\"https:\/\/cyclemadrid.com\/fr\/#website\",\"url\":\"https:\/\/cyclemadrid.com\/fr\/\",\"name\":\"CycleMadrid P\u00e1gina Oficial\",\"description\":\"P\u00e1gina Oficial de CycleMadrid | Tus rutas de Cicloturismo en la Comunidad de Madrid\",\"publisher\":{\"@id\":\"https:\/\/cyclemadrid.com\/fr\/#organization\"},\"potentialAction\":[{\"@type\":\"SearchAction\",\"target\":{\"@type\":\"EntryPoint\",\"urlTemplate\":\"https:\/\/cyclemadrid.com\/fr\/?s={search_term_string}\"},\"query-input\":{\"@type\":\"PropertyValueSpecification\",\"valueRequired\":true,\"valueName\":\"search_term_string\"}}],\"inLanguage\":\"fr-FR\"},{\"@type\":\"Organization\",\"@id\":\"https:\/\/cyclemadrid.com\/fr\/#organization\",\"name\":\"Cyclemadrid\",\"url\":\"https:\/\/cyclemadrid.com\/fr\/\",\"logo\":{\"@type\":\"ImageObject\",\"inLanguage\":\"fr-FR\",\"@id\":\"https:\/\/cyclemadrid.com\/fr\/#\/schema\/logo\/image\/\",\"url\":\"https:\/\/cyclemadrid.com\/wp-content\/uploads\/2023\/07\/cyclemadrid.png\",\"contentUrl\":\"https:\/\/cyclemadrid.com\/wp-content\/uploads\/2023\/07\/cyclemadrid.png\",\"width\":32,\"height\":32,\"caption\":\"Cyclemadrid\"},\"image\":{\"@id\":\"https:\/\/cyclemadrid.com\/fr\/#\/schema\/logo\/image\/\"}}]}<\/script>\n<!-- \/ Yoast SEO plugin. -->","yoast_head_json":{"title":"O\u00f9 manger in Madrid%page%sep%sitename%sitename%sitename%%%%.","description":"D\u00e9couvrez o\u00f9 manger \u00e0 Madrid et quels sont les meilleurs endroits gastronomiques de la ville, parfaits pour profiter du tourisme madril\u00e8ne.","robots":{"index":"index","follow":"follow","max-snippet":"max-snippet:-1","max-image-preview":"max-image-preview:large","max-video-preview":"max-video-preview:-1"},"canonical":"https:\/\/cyclemadrid.com\/fr\/ou-manger\/","og_locale":"fr_FR","og_type":"article","og_title":"O\u00f9 manger in Madrid%page%sep%sitename%sitename%sitename%%%%.","og_description":"D\u00e9couvrez o\u00f9 manger \u00e0 Madrid et quels sont les meilleurs endroits gastronomiques de la ville, parfaits pour profiter du tourisme madril\u00e8ne.","og_url":"https:\/\/cyclemadrid.com\/fr\/ou-manger\/","og_site_name":"CycleMadrid P\u00e1gina Oficial","article_modified_time":"2024-06-24T13:43:12+00:00","twitter_card":"summary_large_image","twitter_misc":{"Dur\u00e9e de lecture estim\u00e9e":"2 minutes"},"schema":{"@context":"https:\/\/schema.org","@graph":[{"@type":"WebPage","@id":"https:\/\/cyclemadrid.com\/fr\/ou-manger\/","url":"https:\/\/cyclemadrid.com\/fr\/ou-manger\/","name":"O\u00f9 manger in Madrid%page%sep%sitename%sitename%sitename%%%%.","isPartOf":{"@id":"https:\/\/cyclemadrid.com\/fr\/#website"},"datePublished":"2023-11-27T09:02:49+00:00","dateModified":"2024-06-24T13:43:12+00:00","description":"D\u00e9couvrez o\u00f9 manger \u00e0 Madrid et quels sont les meilleurs endroits gastronomiques de la ville, parfaits pour profiter du tourisme madril\u00e8ne.","breadcrumb":{"@id":"https:\/\/cyclemadrid.com\/fr\/ou-manger\/#breadcrumb"},"inLanguage":"fr-FR","potentialAction":[{"@type":"ReadAction","target":["https:\/\/cyclemadrid.com\/fr\/ou-manger\/"]}]},{"@type":"BreadcrumbList","@id":"https:\/\/cyclemadrid.com\/fr\/ou-manger\/#breadcrumb","itemListElement":[{"@type":"ListItem","position":1,"name":"Portada","item":"https:\/\/cyclemadrid.com\/fr\/"},{"@type":"ListItem","position":2,"name":"O\u00f9 manger"}]},{"@type":"WebSite","@id":"https:\/\/cyclemadrid.com\/fr\/#website","url":"https:\/\/cyclemadrid.com\/fr\/","name":"CycleMadrid P\u00e1gina Oficial","description":"P\u00e1gina Oficial de CycleMadrid | Tus rutas de Cicloturismo en la Comunidad de Madrid","publisher":{"@id":"https:\/\/cyclemadrid.com\/fr\/#organization"},"potentialAction":[{"@type":"SearchAction","target":{"@type":"EntryPoint","urlTemplate":"https:\/\/cyclemadrid.com\/fr\/?s={search_term_string}"},"query-input":{"@type":"PropertyValueSpecification","valueRequired":true,"valueName":"search_term_string"}}],"inLanguage":"fr-FR"},{"@type":"Organization","@id":"https:\/\/cyclemadrid.com\/fr\/#organization","name":"Cyclemadrid","url":"https:\/\/cyclemadrid.com\/fr\/","logo":{"@type":"ImageObject","inLanguage":"fr-FR","@id":"https:\/\/cyclemadrid.com\/fr\/#\/schema\/logo\/image\/","url":"https:\/\/cyclemadrid.com\/wp-content\/uploads\/2023\/07\/cyclemadrid.png","contentUrl":"https:\/\/cyclemadrid.com\/wp-content\/uploads\/2023\/07\/cyclemadrid.png","width":32,"height":32,"caption":"Cyclemadrid"},"image":{"@id":"https:\/\/cyclemadrid.com\/fr\/#\/schema\/logo\/image\/"}}]}},"_links":{"self":[{"href":"https:\/\/cyclemadrid.com\/fr\/wp-json\/wp\/v2\/pages\/5697","targetHints":{"allow":["GET"]}}],"collection":[{"href":"https:\/\/cyclemadrid.com\/fr\/wp-json\/wp\/v2\/pages"}],"about":[{"href":"https:\/\/cyclemadrid.com\/fr\/wp-json\/wp\/v2\/types\/page"}],"author":[{"embeddable":true,"href":"https:\/\/cyclemadrid.com\/fr\/wp-json\/wp\/v2\/users\/3"}],"replies":[{"embeddable":true,"href":"https:\/\/cyclemadrid.com\/fr\/wp-json\/wp\/v2\/comments?post=5697"}],"version-history":[{"count":1,"href":"https:\/\/cyclemadrid.com\/fr\/wp-json\/wp\/v2\/pages\/5697\/revisions"}],"predecessor-version":[{"id":6706,"href":"https:\/\/cyclemadrid.com\/fr\/wp-json\/wp\/v2\/pages\/5697\/revisions\/6706"}],"wp:attachment":[{"href":"https:\/\/cyclemadrid.com\/fr\/wp-json\/wp\/v2\/media?parent=5697"}],"curies":[{"name":"wp","href":"https:\/\/api.w.org\/{rel}","templated":true}]}}