{"id":5706,"date":"2023-11-27T10:06:22","date_gmt":"2023-11-27T09:06:22","guid":{"rendered":"https:\/\/cyclemadrid.com\/connectivite\/"},"modified":"2024-06-24T15:47:37","modified_gmt":"2024-06-24T13:47:37","slug":"connectivite","status":"publish","type":"page","link":"https:\/\/cyclemadrid.com\/fr\/connectivite\/","title":{"rendered":"Connectivit\u00e9"},"content":{"rendered":"\n","protected":false},"excerpt":{"rendered":"","protected":false},"author":1,"featured_media":0,"parent":0,"menu_order":0,"comment_status":"closed","ping_status":"closed","template":"page-templates\/conectividad.php","meta":{"footnotes":""},"class_list":["post-5706","page","type-page","status-publish","hentry"],"yoast_head":"<!-- This site is optimized with the Yoast SEO plugin v23.9 - https:\/\/yoast.com\/wordpress\/plugins\/seo\/ -->\n<title>Connectivit\u00e9 in Madrid % | CycleMadrid P\u00e1gina Oficial% CycleMadrid P\u00e1gina Oficial%.<\/title>\n<meta name=\"description\" content=\"M\u00e9tro, train et transport de la communaut\u00e9 de Madrid pour faciliter les visites et profiter de la ville \u00e0 pied ou \u00e0 v\u00e9lo.\" \/>\n<meta name=\"robots\" content=\"index, follow, max-snippet:-1, max-image-preview:large, max-video-preview:-1\" \/>\n<link rel=\"canonical\" href=\"https:\/\/cyclemadrid.com\/fr\/connectivite\/\" \/>\n<meta property=\"og:locale\" content=\"fr_FR\" \/>\n<meta property=\"og:type\" content=\"article\" \/>\n<meta property=\"og:title\" content=\"Connectivit\u00e9 in Madrid % | CycleMadrid P\u00e1gina Oficial% CycleMadrid P\u00e1gina Oficial%.\" \/>\n<meta property=\"og:description\" content=\"M\u00e9tro, train et transport de la communaut\u00e9 de Madrid pour faciliter les visites et profiter de la ville \u00e0 pied ou \u00e0 v\u00e9lo.\" \/>\n<meta property=\"og:url\" content=\"https:\/\/cyclemadrid.com\/fr\/connectivite\/\" \/>\n<meta property=\"og:site_name\" content=\"CycleMadrid P\u00e1gina Oficial\" \/>\n<meta property=\"article:modified_time\" content=\"2024-06-24T13:47:37+00:00\" \/>\n<meta name=\"twitter:card\" content=\"summary_large_image\" \/>\n<script type=\"application\/ld+json\" class=\"yoast-schema-graph\">{\"@context\":\"https:\/\/schema.org\",\"@graph\":[{\"@type\":\"WebPage\",\"@id\":\"https:\/\/cyclemadrid.com\/fr\/connectivite\/\",\"url\":\"https:\/\/cyclemadrid.com\/fr\/connectivite\/\",\"name\":\"Connectivit\u00e9 in Madrid % | CycleMadrid P\u00e1gina Oficial% CycleMadrid P\u00e1gina Oficial%.\",\"isPartOf\":{\"@id\":\"https:\/\/cyclemadrid.com\/fr\/#website\"},\"datePublished\":\"2023-11-27T09:06:22+00:00\",\"dateModified\":\"2024-06-24T13:47:37+00:00\",\"description\":\"M\u00e9tro, train et transport de la communaut\u00e9 de Madrid pour faciliter les visites et profiter de la ville \u00e0 pied ou \u00e0 v\u00e9lo.\",\"breadcrumb\":{\"@id\":\"https:\/\/cyclemadrid.com\/fr\/connectivite\/#breadcrumb\"},\"inLanguage\":\"fr-FR\",\"potentialAction\":[{\"@type\":\"ReadAction\",\"target\":[\"https:\/\/cyclemadrid.com\/fr\/connectivite\/\"]}]},{\"@type\":\"BreadcrumbList\",\"@id\":\"https:\/\/cyclemadrid.com\/fr\/connectivite\/#breadcrumb\",\"itemListElement\":[{\"@type\":\"ListItem\",\"position\":1,\"name\":\"Portada\",\"item\":\"https:\/\/cyclemadrid.com\/fr\/\"},{\"@type\":\"ListItem\",\"position\":2,\"name\":\"Connectivit\u00e9\"}]},{\"@type\":\"WebSite\",\"@id\":\"https:\/\/cyclemadrid.com\/fr\/#website\",\"url\":\"https:\/\/cyclemadrid.com\/fr\/\",\"name\":\"CycleMadrid P\u00e1gina Oficial\",\"description\":\"P\u00e1gina Oficial de CycleMadrid | Tus rutas de Cicloturismo en la Comunidad de Madrid\",\"publisher\":{\"@id\":\"https:\/\/cyclemadrid.com\/fr\/#organization\"},\"potentialAction\":[{\"@type\":\"SearchAction\",\"target\":{\"@type\":\"EntryPoint\",\"urlTemplate\":\"https:\/\/cyclemadrid.com\/fr\/?s={search_term_string}\"},\"query-input\":{\"@type\":\"PropertyValueSpecification\",\"valueRequired\":true,\"valueName\":\"search_term_string\"}}],\"inLanguage\":\"fr-FR\"},{\"@type\":\"Organization\",\"@id\":\"https:\/\/cyclemadrid.com\/fr\/#organization\",\"name\":\"Cyclemadrid\",\"url\":\"https:\/\/cyclemadrid.com\/fr\/\",\"logo\":{\"@type\":\"ImageObject\",\"inLanguage\":\"fr-FR\",\"@id\":\"https:\/\/cyclemadrid.com\/fr\/#\/schema\/logo\/image\/\",\"url\":\"https:\/\/cyclemadrid.com\/wp-content\/uploads\/2023\/07\/cyclemadrid.png\",\"contentUrl\":\"https:\/\/cyclemadrid.com\/wp-content\/uploads\/2023\/07\/cyclemadrid.png\",\"width\":32,\"height\":32,\"caption\":\"Cyclemadrid\"},\"image\":{\"@id\":\"https:\/\/cyclemadrid.com\/fr\/#\/schema\/logo\/image\/\"}}]}<\/script>\n<!-- \/ Yoast SEO plugin. -->","yoast_head_json":{"title":"Connectivit\u00e9 in Madrid % | CycleMadrid P\u00e1gina Oficial% CycleMadrid P\u00e1gina Oficial%.","description":"M\u00e9tro, train et transport de la communaut\u00e9 de Madrid pour faciliter les visites et profiter de la ville \u00e0 pied ou \u00e0 v\u00e9lo.","robots":{"index":"index","follow":"follow","max-snippet":"max-snippet:-1","max-image-preview":"max-image-preview:large","max-video-preview":"max-video-preview:-1"},"canonical":"https:\/\/cyclemadrid.com\/fr\/connectivite\/","og_locale":"fr_FR","og_type":"article","og_title":"Connectivit\u00e9 in Madrid % | CycleMadrid P\u00e1gina Oficial% CycleMadrid P\u00e1gina Oficial%.","og_description":"M\u00e9tro, train et transport de la communaut\u00e9 de Madrid pour faciliter les visites et profiter de la ville \u00e0 pied ou \u00e0 v\u00e9lo.","og_url":"https:\/\/cyclemadrid.com\/fr\/connectivite\/","og_site_name":"CycleMadrid P\u00e1gina Oficial","article_modified_time":"2024-06-24T13:47:37+00:00","twitter_card":"summary_large_image","schema":{"@context":"https:\/\/schema.org","@graph":[{"@type":"WebPage","@id":"https:\/\/cyclemadrid.com\/fr\/connectivite\/","url":"https:\/\/cyclemadrid.com\/fr\/connectivite\/","name":"Connectivit\u00e9 in Madrid % | CycleMadrid P\u00e1gina Oficial% CycleMadrid P\u00e1gina Oficial%.","isPartOf":{"@id":"https:\/\/cyclemadrid.com\/fr\/#website"},"datePublished":"2023-11-27T09:06:22+00:00","dateModified":"2024-06-24T13:47:37+00:00","description":"M\u00e9tro, train et transport de la communaut\u00e9 de Madrid pour faciliter les visites et profiter de la ville \u00e0 pied ou \u00e0 v\u00e9lo.","breadcrumb":{"@id":"https:\/\/cyclemadrid.com\/fr\/connectivite\/#breadcrumb"},"inLanguage":"fr-FR","potentialAction":[{"@type":"ReadAction","target":["https:\/\/cyclemadrid.com\/fr\/connectivite\/"]}]},{"@type":"BreadcrumbList","@id":"https:\/\/cyclemadrid.com\/fr\/connectivite\/#breadcrumb","itemListElement":[{"@type":"ListItem","position":1,"name":"Portada","item":"https:\/\/cyclemadrid.com\/fr\/"},{"@type":"ListItem","position":2,"name":"Connectivit\u00e9"}]},{"@type":"WebSite","@id":"https:\/\/cyclemadrid.com\/fr\/#website","url":"https:\/\/cyclemadrid.com\/fr\/","name":"CycleMadrid P\u00e1gina Oficial","description":"P\u00e1gina Oficial de CycleMadrid | Tus rutas de Cicloturismo en la Comunidad de Madrid","publisher":{"@id":"https:\/\/cyclemadrid.com\/fr\/#organization"},"potentialAction":[{"@type":"SearchAction","target":{"@type":"EntryPoint","urlTemplate":"https:\/\/cyclemadrid.com\/fr\/?s={search_term_string}"},"query-input":{"@type":"PropertyValueSpecification","valueRequired":true,"valueName":"search_term_string"}}],"inLanguage":"fr-FR"},{"@type":"Organization","@id":"https:\/\/cyclemadrid.com\/fr\/#organization","name":"Cyclemadrid","url":"https:\/\/cyclemadrid.com\/fr\/","logo":{"@type":"ImageObject","inLanguage":"fr-FR","@id":"https:\/\/cyclemadrid.com\/fr\/#\/schema\/logo\/image\/","url":"https:\/\/cyclemadrid.com\/wp-content\/uploads\/2023\/07\/cyclemadrid.png","contentUrl":"https:\/\/cyclemadrid.com\/wp-content\/uploads\/2023\/07\/cyclemadrid.png","width":32,"height":32,"caption":"Cyclemadrid"},"image":{"@id":"https:\/\/cyclemadrid.com\/fr\/#\/schema\/logo\/image\/"}}]}},"_links":{"self":[{"href":"https:\/\/cyclemadrid.com\/fr\/wp-json\/wp\/v2\/pages\/5706","targetHints":{"allow":["GET"]}}],"collection":[{"href":"https:\/\/cyclemadrid.com\/fr\/wp-json\/wp\/v2\/pages"}],"about":[{"href":"https:\/\/cyclemadrid.com\/fr\/wp-json\/wp\/v2\/types\/page"}],"author":[{"embeddable":true,"href":"https:\/\/cyclemadrid.com\/fr\/wp-json\/wp\/v2\/users\/1"}],"replies":[{"embeddable":true,"href":"https:\/\/cyclemadrid.com\/fr\/wp-json\/wp\/v2\/comments?post=5706"}],"version-history":[{"count":1,"href":"https:\/\/cyclemadrid.com\/fr\/wp-json\/wp\/v2\/pages\/5706\/revisions"}],"predecessor-version":[{"id":6714,"href":"https:\/\/cyclemadrid.com\/fr\/wp-json\/wp\/v2\/pages\/5706\/revisions\/6714"}],"wp:attachment":[{"href":"https:\/\/cyclemadrid.com\/fr\/wp-json\/wp\/v2\/media?parent=5706"}],"curies":[{"name":"wp","href":"https:\/\/api.w.org\/{rel}","templated":true}]}}