{"id":6005,"date":"2023-12-13T09:59:21","date_gmt":"2023-12-13T08:59:21","guid":{"rendered":"https:\/\/cyclemadrid.com\/politique-en-matiere-de-cookies\/"},"modified":"2024-06-24T15:55:42","modified_gmt":"2024-06-24T13:55:42","slug":"politique-en-matiere-de-cookies","status":"publish","type":"page","link":"https:\/\/cyclemadrid.com\/fr\/politique-en-matiere-de-cookies\/","title":{"rendered":"Politique en mati\u00e8re de cookies"},"content":{"rendered":"<div class=\"vce-row-container\" data-vce-boxed-width=\"true\"><div class=\"vce-row vce-row--col-gap-30 vce-row-equal-height vce-row-content--top\" id=\"el-e789c2a8\" data-vce-do-apply=\"all el-e789c2a8\"><div class=\"vce-content-background-container\"><\/div><div class=\"vce-row-content\" data-vce-element-content=\"true\"><div class=\"vce-col vce-col--md-auto vce-col--xs-1 vce-col--xs-last vce-col--xs-first vce-col--sm-last vce-col--sm-first vce-col--md-last vce-col--lg-last vce-col--xl-last vce-col--md-first vce-col--lg-first vce-col--xl-first\" id=\"el-525b4c76\"><div class=\"vce-col-inner\" data-vce-do-apply=\"border margin background  el-525b4c76\"><div class=\"vce-col-content\" data-vce-element-content=\"true\" data-vce-do-apply=\"padding el-525b4c76\"><div class=\"vce-google-fonts-heading vce-google-fonts-heading--align-center vce-google-fonts-heading--color-empty--45--5C00FF--FF7200 vce-google-fonts-heading--font-family-Montserrat\"><div class=\"vce-google-fonts-heading-wrapper\"><div class=\"vce-google-fonts-heading--background vce\" id=\"el-829696cf\" data-vce-do-apply=\"border background  padding margin el-829696cf\"><h1 class=\"vce-google-fonts-heading-inner\" style=\"line-height: 1.2; font-weight: 600; font-style: normal;\"><a class=\"vce-google-fonts-heading-link\" href=\"https:\/\/cyclemadrid.com\/rutas\/\" title=\"\" target=\"_blank\" rel=\"noopener\">Politique en mati\u00e8re de cookies<\/a><\/h1><\/div><\/div><\/div><div class=\"vce vce-separator-container vce-separator--align-center vce-separator--style-solid\" id=\"el-763564a0\" data-vce-do-apply=\"margin el-763564a0\"><div class=\"vce-separator vce-separator--color-b-245-232-81 vce-separator--width-9 vce-separator--thickness-5\" data-vce-do-apply=\"border padding background  el-763564a0\"><\/div><\/div><\/div><\/div><\/div><\/div><\/div><\/div><div class=\"vce-row-container\" data-vce-boxed-width=\"true\"><div class=\"vce-row vce-row--col-gap-30 vce-row-equal-height vce-row-content--top\" id=\"el-63dcea11\" data-vce-do-apply=\"all el-63dcea11\"><div class=\"vce-content-background-container\"><\/div><div class=\"vce-row-content\" data-vce-element-content=\"true\"><div class=\"vce-col vce-col--md-auto vce-col--xs-1 vce-col--xs-last vce-col--xs-first vce-col--sm-last vce-col--sm-first vce-col--md-last vce-col--lg-last vce-col--xl-last vce-col--md-first vce-col--lg-first vce-col--xl-first\" id=\"el-16680876\"><div class=\"vce-col-inner\" data-vce-do-apply=\"border margin background  el-16680876\"><div class=\"vce-col-content\" data-vce-element-content=\"true\" data-vce-do-apply=\"padding el-16680876\"><div class=\"vce-text-block\"><div class=\"vce-text-block-wrapper vce\" id=\"el-8e54ed72\" data-vce-do-apply=\"all el-8e54ed72\"><p>Un <em>cookie<\/em> est un petit fichier texte qui est stock\u00e9 dans votre navigateur lorsque vous visitez presque n'importe quel site web. Il est utile pour le site web de pouvoir se souvenir de votre visite lorsque vous revenez sur cette page. Les <em>cookies<\/em> stockent g\u00e9n\u00e9ralement des informations de nature technique, des pr\u00e9f\u00e9rences personnelles, la personnalisation du contenu, des statistiques d'utilisation, des liens vers des r\u00e9seaux sociaux, l'acc\u00e8s \u00e0 des comptes d'utilisateurs, etc. L'objectif du <em>cookie<\/em> est d'adapter le contenu du site web \u00e0 votre profil et \u00e0 vos besoins. Sans <em>cookies<\/em>, les services offerts par chaque page seraient consid\u00e9rablement r\u00e9duits.<\/p><p><strong>Cookies utilis\u00e9s sur ce site<\/strong><\/p><p>Conform\u00e9ment aux directives de l'Agence espagnole de protection des donn\u00e9es, nous d\u00e9taillons l'utilisation des <em>cookies<\/em> sur ce site Web afin de vous informer le plus pr\u00e9cis\u00e9ment possible.<\/p><p>Ce site web utilise les <strong>cookies<\/strong> suivants :<\/p><ul><li>Les cookies de session, pour s'assurer que les utilisateurs qui publient des commentaires sur le blog sont des \u00eatres humains et non des applications automatis\u00e9es. C'est ainsi que l'on peut lutter contre le <em>spam<\/em>.<\/li><\/ul><p>Ce site Web utilise les <strong>cookies de tiers<\/strong> suivants :<\/p><ul><li>Google Analytics : Stocke des <em>cookies<\/em> pour compiler des statistiques sur le trafic et le volume de visites sur ce site. En utilisant ce site web, vous consentez au traitement des donn\u00e9es vous concernant par Google. Par cons\u00e9quent, vous devez exercer vos droits \u00e0 cet \u00e9gard en contactant directement Google.<\/li><li>R\u00e9seaux sociaux : chaque r\u00e9seau social utilise ses propres <em>cookies<\/em> pour vous permettre de cliquer sur les boutons <em>\"J'aime\"<\/em> ou \" <em>Partager\"<\/em>.<\/li><\/ul><p><strong>D\u00e9sactiver ou supprimer les cookies<\/strong><\/p><p>Vous pouvez \u00e0 tout moment exercer votre droit de d\u00e9sactiver ou de supprimer les cookies de ce site web. Ces actions sont effectu\u00e9es diff\u00e9remment selon le navigateur que vous utilisez.  <\/p><p><strong>Notes compl\u00e9mentaires<\/strong><\/p><ul><li>Ni ce site web ni ses repr\u00e9sentants l\u00e9gaux ne sont responsables du contenu ou de la v\u00e9racit\u00e9 des politiques de confidentialit\u00e9 des tiers mentionn\u00e9s dans la pr\u00e9sente politique en mati\u00e8re de <em>cookies<\/em>.<\/li><li>Les navigateurs web sont les outils responsables du stockage des <em>cookies<\/em> et c'est l\u00e0 que vous devez exercer votre droit de les supprimer ou de les d\u00e9sactiver. Ni ce site web ni ses repr\u00e9sentants l\u00e9gaux ne peuvent garantir le traitement correct ou incorrect des <em>cookies<\/em> par les navigateurs susmentionn\u00e9s.<\/li><li>Dans certains cas, il est n\u00e9cessaire d'installer des <em>cookies<\/em> afin que le navigateur n'oublie pas votre d\u00e9cision de ne pas les accepter.<\/li><li>Dans le cas des <em>cookies<\/em> Google Analytics, cette soci\u00e9t\u00e9 stocke les <em>cookies<\/em> sur des serveurs situ\u00e9s aux \u00c9tats-Unis et s'engage \u00e0 ne pas les partager avec des tiers, sauf dans les cas o\u00f9 cela est n\u00e9cessaire pour le fonctionnement du syst\u00e8me ou lorsque la loi l'exige. Selon Google, votre adresse IP n'est pas enregistr\u00e9e. Google Inc. est membre de l'accord Safe Harbour qui garantit que toutes les donn\u00e9es transf\u00e9r\u00e9es seront trait\u00e9es avec un niveau de protection conforme \u00e0 la r\u00e9glementation europ\u00e9enne. Si vous souhaitez obtenir des informations sur l'utilisation des cookies par Google, veuillez <a href=\"https:\/\/developers.google.com\/analytics\/devguides\/collection\/analyticsjs\/cookie-usage?hl=es&amp;csw=1\">suivre ce lien<\/a>.<\/li><li>Si vous avez des doutes ou des questions concernant cette politique en mati\u00e8re de <em>cookies<\/em>, n'h\u00e9sitez pas \u00e0 nous contacter via la section contact.<\/li><\/ul><p><strong>Qu'est-ce qu'un cookie ?<\/strong><\/p><p>Un <em>cookie<\/em> est un fichier texte <strong>inoffensif<\/strong> qui est stock\u00e9 dans votre navigateur lorsque vous visitez presque n'importe quel site web. Le but du <em>cookie<\/em> est de permettre au site web de se souvenir de votre visite lorsque vous revenez sur cette page. Bien que de nombreuses personnes l'ignorent, les <em>cookies<\/em> sont utilis\u00e9s depuis 20 ans, lorsque les premiers navigateurs pour le World Wide Web sont apparus.<\/p><p><strong>Qu'est-ce qui n'est PAS un biscuit ?<\/strong><\/p><p>Il ne s'agit pas d'un virus, d'un cheval de Troie, d'un ver, d'un spam, d'un logiciel espion ou d'une fen\u00eatre contextuelle.<\/p><p><strong>Quelles informations un <em>cookie<\/em> stocke-t-il ?<\/strong><\/p><p>Les <em>cookies<\/em> ne stockent g\u00e9n\u00e9ralement pas d'informations sensibles vous concernant, telles que votre carte de cr\u00e9dit ou vos coordonn\u00e9es bancaires, des photographies, votre identit\u00e9 ou des informations personnelles, etc. Les donn\u00e9es qu'ils stockent sont de nature technique, pr\u00e9f\u00e9rences personnelles, personnalisation du contenu, etc.<\/p><p>Ce n'est pas le serveur web qui vous associe en tant que personne, mais votre navigateur web. En fait, si vous naviguez habituellement avec Internet Explorer et que vous essayez de naviguer sur le m\u00eame site web avec Firefox ou Chrome, vous verrez que le site web ne se rend pas compte que vous \u00eates la m\u00eame personne parce qu'il associe en fait le navigateur, et non la personne.<\/p><p><strong>Quels sont les types de <em>cookies<\/em>?<\/strong><\/p><ul><li><em>Cookies<\/em> techniques : ce sont les plus \u00e9l\u00e9mentaires et ils permettent, entre autres, de savoir quand un humain ou une application automatis\u00e9e navigue, quand un utilisateur anonyme et un utilisateur enregistr\u00e9 naviguent, des t\u00e2ches de base pour le fonctionnement de tout site web dynamique.<\/li><li><em>Cookies d'<\/em> analyse : ils collectent des informations sur le type de navigation que vous effectuez, les rubriques que vous utilisez le plus, les produits consult\u00e9s, le temps d'utilisation, la langue, etc.<\/li><li><em>Cookies<\/em> publicitaires : ils affichent de la publicit\u00e9 en fonction de vos habitudes de navigation, de votre pays d'origine, de votre langue, etc.<\/li><\/ul><p><strong>Qu'est-ce qu'un <em>cookie de<\/em> premi\u00e8re partie et un <em>cookie<\/em> de tierce partie ?<\/strong><\/p><p>Les cookies de <em>premi\u00e8re partie<\/em> sont ceux g\u00e9n\u00e9r\u00e9s par le site web que vous visitez et les cookies de <em>tierce partie<\/em> sont ceux g\u00e9n\u00e9r\u00e9s par des services ou des fournisseurs externes tels que Facebook, Twitter, Google, etc.<\/p><p><strong>Que se passe-t-il si je d\u00e9sactive les <em>cookies<\/em>?<\/strong><\/p><p>Pour vous aider \u00e0 comprendre dans quelle mesure les <em>cookies<\/em> peuvent \u00eatre d\u00e9sactiv\u00e9s, voici quelques exemples :<\/p><ul><li>Vous ne pouvez pas partager le contenu de ce site web sur Facebook, Twitter ou tout autre r\u00e9seau social.<\/li><li>Le site web ne sera pas en mesure d'adapter le contenu \u00e0 vos pr\u00e9f\u00e9rences personnelles, comme c'est souvent le cas pour les boutiques en ligne.<\/li><li>Vous ne pourrez pas acc\u00e9der \u00e0 la zone personnelle de ce site web, telle que <em>Mon compte<\/em>, <em>Mon profil<\/em> ou <em>Mes commandes<\/em>.<\/li><li>Magasins en ligne : il vous sera impossible de faire des achats en ligne, vous devrez le faire par t\u00e9l\u00e9phone ou en vous rendant dans le magasin physique si vous en avez un.<\/li><li>Il ne sera pas possible de personnaliser vos pr\u00e9f\u00e9rences g\u00e9ographiques telles que le fuseau horaire, la devise ou la langue.<\/li><li>Le site web ne sera pas en mesure d'effectuer des analyses sur les visiteurs et le trafic web, ce qui rendra le site web difficilement comp\u00e9titif.<\/li><li>Vous ne pourrez pas \u00e9crire sur le blog, t\u00e9l\u00e9charger des photos, publier des commentaires, \u00e9valuer ou noter le contenu. Le site web ne sera pas non plus en mesure de d\u00e9terminer si vous \u00eates un \u00eatre humain ou une application automatis\u00e9e publiant des <em>spams<\/em>.<\/li><li>Il ne sera pas possible d'afficher de la publicit\u00e9 cibl\u00e9e, ce qui r\u00e9duira les recettes publicitaires du site web.<\/li><li>Tous les r\u00e9seaux sociaux utilisent des <em>cookies<\/em>. Si vous les d\u00e9sactivez, vous ne pourrez utiliser aucun r\u00e9seau social.<\/li><\/ul><p><strong>Les <em>cookies<\/em> peuvent-ils \u00eatre supprim\u00e9s ?<\/strong><\/p><p>Oui. Non seulement supprimer, mais aussi bloquer, soit de mani\u00e8re g\u00e9n\u00e9rale, soit pour un domaine sp\u00e9cifique.<\/p><p>Pour supprimer les <em>cookies<\/em> d'un site web, vous devez aller dans les param\u00e8tres de votre navigateur et vous pouvez y rechercher les cookies associ\u00e9s au domaine en question et les supprimer.<\/p><p><strong>Param\u00e8tres des <em>cookies<\/em> pour les navigateurs les plus populaires<\/strong><\/p><p>Voici comment acc\u00e9der \u00e0 un <em>cookie<\/em> particulier dans le navigateur <strong>Chrome<\/strong>. Note : Ces \u00e9tapes peuvent varier en fonction de la version de votre navigateur :<\/p><ol><li>Allez dans Param\u00e8tres ou Pr\u00e9f\u00e9rences via le menu Fichier ou en cliquant sur l'ic\u00f4ne de personnalisation en haut \u00e0 droite.<\/li><li>Vous verrez diff\u00e9rentes sections, cliquez sur l'option <em>Afficher les options avanc\u00e9es<\/em>.<\/li><li>Allez dans <em>Confidentialit\u00e9<\/em>, <em>Param\u00e8tres de contenu<\/em>.<\/li><li>S\u00e9lectionnez <em>Tous les cookies et donn\u00e9es de site<\/em>.<\/li><li>Une liste appara\u00eetra avec tous les <em>cookies<\/em> tri\u00e9s par domaine. Pour faciliter la recherche de <em>cookies<\/em> pour un domaine particulier, saisissez une partie ou la totalit\u00e9 de l'adresse dans le champ <em>Rechercher des cookies<\/em>.<\/li><li>Apr\u00e8s avoir effectu\u00e9 ce filtre, une ou plusieurs lignes contenant les <em>cookies<\/em> du site web demand\u00e9 appara\u00eetront \u00e0 l'\u00e9cran. S\u00e9lectionnez-le et appuyez sur <em>X<\/em> pour le supprimer.<\/li><\/ol><p>Pour acc\u00e9der aux param\u00e8tres des <em>cookies<\/em> de votre navigateur <strong>Internet Explorer<\/strong>, suivez les \u00e9tapes suivantes (elles peuvent varier en fonction de la version de votre navigateur) :<\/p><ol><li>Allez dans <em>Outils<\/em>, <em>Options Internet<\/em><\/li><li>Cliquez sur <em>Confidentialit\u00e9<\/em>.<\/li><li>D\u00e9placez le curseur pour d\u00e9finir le niveau de confidentialit\u00e9 souhait\u00e9.<\/li><\/ol><p>Pour acc\u00e9der aux param\u00e8tres des <em>cookies<\/em> de votre navigateur <strong>Firefox<\/strong>, suivez les \u00e9tapes suivantes (elles peuvent varier en fonction de la version du navigateur) :<\/p><ol><li>Allez dans <em>Options<\/em> ou <em>Pr\u00e9f\u00e9rences<\/em> en fonction de votre syst\u00e8me d'exploitation.<\/li><li>Cliquez sur <em>Confidentialit\u00e9<\/em>.<\/li><li>Sous <em>Historique<\/em>, choisissez <em>Utiliser les param\u00e8tres personnalis\u00e9s pour l'historique<\/em>.<\/li><li>Vous verrez maintenant l'option <em>Accepter les cookies<\/em>, vous pouvez l'activer ou la d\u00e9sactiver selon vos pr\u00e9f\u00e9rences.<\/li><\/ol><p>Pour acc\u00e9der aux param\u00e8tres des <em>cookies<\/em> dans le navigateur <strong>Safari pour OSX<\/strong>, suivez les \u00e9tapes suivantes (elles peuvent varier en fonction de la version du navigateur) :<\/p><ol><li>Allez dans <em>Pr\u00e9f\u00e9rences<\/em>, puis dans <em>Confidentialit\u00e9<\/em>.<\/li><li>L'option <em>Bloquer les cookies<\/em> vous permet de d\u00e9finir le type de blocage que vous souhaitez.<\/li><\/ol><p>Pour acc\u00e9der aux param\u00e8tres des <em>cookies<\/em> dans le navigateur <strong>Safari pour iOS,<\/strong> suivez les \u00e9tapes suivantes (elles peuvent varier en fonction de la version du navigateur) :<\/p><ol><li>Allez dans <em>Param\u00e8tres<\/em>, puis dans <em>Safari<\/em>.<\/li><li>Allez dans <em>Confidentialit\u00e9 et s\u00e9curit\u00e9<\/em>, vous verrez l'option <em>Bloquer les cookies<\/em> qui vous permettra de r\u00e9gler le type de blocage que vous souhaitez effectuer.<\/li><\/ol><p>Pour acc\u00e9der aux param\u00e8tres des <em>cookies de<\/em> votre navigateur pour les appareils <strong>Android<\/strong>, suivez les \u00e9tapes suivantes (elles peuvent varier en fonction de la version du navigateur) :<\/p><ol><li>Lancez le navigateur et appuyez sur la touche <em>Menu<\/em>, puis sur <em>Param\u00e8tres<\/em>.<\/li><li>Allez dans <em>S\u00e9curit\u00e9 et confidentialit\u00e9<\/em>, vous verrez l'option <em>Accepter les cookies<\/em> pour cocher ou d\u00e9cocher la case.<\/li><\/ol><p>Pour acc\u00e9der aux param\u00e8tres des <em>cookies de<\/em> votre navigateur pour les appareils <strong>Windows Phone<\/strong>, suivez les \u00e9tapes suivantes (elles peuvent varier en fonction de la version du navigateur) :<\/p><ol><li>Ouvrez <em>Internet Explorer<\/em>, puis <em>Plus<\/em>, puis <em>Param\u00e8tres<\/em><\/li><li>Vous pouvez maintenant cocher ou d\u00e9cocher la case <em>Autoriser les cookies<\/em>.<\/li><\/ol><\/div><\/div><\/div><\/div><\/div><\/div><\/div><\/div>\n","protected":false},"excerpt":{"rendered":"<p>Politique en mati\u00e8re de cookiesUn cookie est un petit fichier texte qui est stock\u00e9 dans votre navigateur lorsque vous visitez presque n&#8217;importe quel site web. Il est utile pour le site web de pouvoir se souvenir de votre visite lorsque vous revenez sur cette page. Les cookies stockent g\u00e9n\u00e9ralement des informations de nature technique, des [&hellip;]<\/p>\n","protected":false},"author":3,"featured_media":0,"parent":0,"menu_order":0,"comment_status":"closed","ping_status":"closed","template":"page-templates\/template-full-width.php","meta":{"footnotes":""},"class_list":["post-6005","page","type-page","status-publish","hentry"],"yoast_head":"<!-- This site is optimized with the Yoast SEO plugin v23.9 - https:\/\/yoast.com\/wordpress\/plugins\/seo\/ -->\n<title>Politique en mati\u00e8re de cookies - CycleMadrid P\u00e1gina Oficial%.<\/title>\n<meta name=\"description\" content=\"Cyclemadrid. Faites du cyclotourisme dans la communaut\u00e9 de Madrid. \u2713 Routes \u2713 Guides \u2713 Destinations \u2713 Circuits organis\u00e9s \u2713 Circuits organis\u00e9s et bien plus encore.\" \/>\n<meta name=\"robots\" content=\"index, follow, max-snippet:-1, max-image-preview:large, max-video-preview:-1\" \/>\n<link rel=\"canonical\" href=\"https:\/\/cyclemadrid.com\/fr\/politique-en-matiere-de-cookies\/\" \/>\n<meta property=\"og:locale\" content=\"fr_FR\" \/>\n<meta property=\"og:type\" content=\"article\" \/>\n<meta property=\"og:title\" content=\"Politique en mati\u00e8re de cookies - CycleMadrid P\u00e1gina Oficial%.\" \/>\n<meta property=\"og:description\" content=\"Cyclemadrid. Faites du cyclotourisme dans la communaut\u00e9 de Madrid. \u2713 Routes \u2713 Guides \u2713 Destinations \u2713 Circuits organis\u00e9s \u2713 Circuits organis\u00e9s et bien plus encore.\" \/>\n<meta property=\"og:url\" content=\"https:\/\/cyclemadrid.com\/fr\/politique-en-matiere-de-cookies\/\" \/>\n<meta property=\"og:site_name\" content=\"CycleMadrid P\u00e1gina Oficial\" \/>\n<meta property=\"article:modified_time\" content=\"2024-06-24T13:55:42+00:00\" \/>\n<meta name=\"twitter:card\" content=\"summary_large_image\" \/>\n<meta name=\"twitter:label1\" content=\"Dur\u00e9e de lecture estim\u00e9e\" \/>\n\t<meta name=\"twitter:data1\" content=\"9 minutes\" \/>\n<script type=\"application\/ld+json\" class=\"yoast-schema-graph\">{\"@context\":\"https:\/\/schema.org\",\"@graph\":[{\"@type\":\"WebPage\",\"@id\":\"https:\/\/cyclemadrid.com\/fr\/politique-en-matiere-de-cookies\/\",\"url\":\"https:\/\/cyclemadrid.com\/fr\/politique-en-matiere-de-cookies\/\",\"name\":\"Politique en mati\u00e8re de cookies - CycleMadrid P\u00e1gina Oficial%.\",\"isPartOf\":{\"@id\":\"https:\/\/cyclemadrid.com\/fr\/#website\"},\"datePublished\":\"2023-12-13T08:59:21+00:00\",\"dateModified\":\"2024-06-24T13:55:42+00:00\",\"description\":\"Cyclemadrid. Faites du cyclotourisme dans la communaut\u00e9 de Madrid. \u2713 Routes \u2713 Guides \u2713 Destinations \u2713 Circuits organis\u00e9s \u2713 Circuits organis\u00e9s et bien plus encore.\",\"breadcrumb\":{\"@id\":\"https:\/\/cyclemadrid.com\/fr\/politique-en-matiere-de-cookies\/#breadcrumb\"},\"inLanguage\":\"fr-FR\",\"potentialAction\":[{\"@type\":\"ReadAction\",\"target\":[\"https:\/\/cyclemadrid.com\/fr\/politique-en-matiere-de-cookies\/\"]}]},{\"@type\":\"BreadcrumbList\",\"@id\":\"https:\/\/cyclemadrid.com\/fr\/politique-en-matiere-de-cookies\/#breadcrumb\",\"itemListElement\":[{\"@type\":\"ListItem\",\"position\":1,\"name\":\"Portada\",\"item\":\"https:\/\/cyclemadrid.com\/fr\/\"},{\"@type\":\"ListItem\",\"position\":2,\"name\":\"Politique en mati\u00e8re de cookies\"}]},{\"@type\":\"WebSite\",\"@id\":\"https:\/\/cyclemadrid.com\/fr\/#website\",\"url\":\"https:\/\/cyclemadrid.com\/fr\/\",\"name\":\"CycleMadrid P\u00e1gina Oficial\",\"description\":\"P\u00e1gina Oficial de CycleMadrid | Tus rutas de Cicloturismo en la Comunidad de Madrid\",\"publisher\":{\"@id\":\"https:\/\/cyclemadrid.com\/fr\/#organization\"},\"potentialAction\":[{\"@type\":\"SearchAction\",\"target\":{\"@type\":\"EntryPoint\",\"urlTemplate\":\"https:\/\/cyclemadrid.com\/fr\/?s={search_term_string}\"},\"query-input\":{\"@type\":\"PropertyValueSpecification\",\"valueRequired\":true,\"valueName\":\"search_term_string\"}}],\"inLanguage\":\"fr-FR\"},{\"@type\":\"Organization\",\"@id\":\"https:\/\/cyclemadrid.com\/fr\/#organization\",\"name\":\"Cyclemadrid\",\"url\":\"https:\/\/cyclemadrid.com\/fr\/\",\"logo\":{\"@type\":\"ImageObject\",\"inLanguage\":\"fr-FR\",\"@id\":\"https:\/\/cyclemadrid.com\/fr\/#\/schema\/logo\/image\/\",\"url\":\"https:\/\/cyclemadrid.com\/wp-content\/uploads\/2023\/07\/cyclemadrid.png\",\"contentUrl\":\"https:\/\/cyclemadrid.com\/wp-content\/uploads\/2023\/07\/cyclemadrid.png\",\"width\":32,\"height\":32,\"caption\":\"Cyclemadrid\"},\"image\":{\"@id\":\"https:\/\/cyclemadrid.com\/fr\/#\/schema\/logo\/image\/\"}}]}<\/script>\n<!-- \/ Yoast SEO plugin. -->","yoast_head_json":{"title":"Politique en mati\u00e8re de cookies - CycleMadrid P\u00e1gina Oficial%.","description":"Cyclemadrid. Faites du cyclotourisme dans la communaut\u00e9 de Madrid. \u2713 Routes \u2713 Guides \u2713 Destinations \u2713 Circuits organis\u00e9s \u2713 Circuits organis\u00e9s et bien plus encore.","robots":{"index":"index","follow":"follow","max-snippet":"max-snippet:-1","max-image-preview":"max-image-preview:large","max-video-preview":"max-video-preview:-1"},"canonical":"https:\/\/cyclemadrid.com\/fr\/politique-en-matiere-de-cookies\/","og_locale":"fr_FR","og_type":"article","og_title":"Politique en mati\u00e8re de cookies - CycleMadrid P\u00e1gina Oficial%.","og_description":"Cyclemadrid. Faites du cyclotourisme dans la communaut\u00e9 de Madrid. \u2713 Routes \u2713 Guides \u2713 Destinations \u2713 Circuits organis\u00e9s \u2713 Circuits organis\u00e9s et bien plus encore.","og_url":"https:\/\/cyclemadrid.com\/fr\/politique-en-matiere-de-cookies\/","og_site_name":"CycleMadrid P\u00e1gina Oficial","article_modified_time":"2024-06-24T13:55:42+00:00","twitter_card":"summary_large_image","twitter_misc":{"Dur\u00e9e de lecture estim\u00e9e":"9 minutes"},"schema":{"@context":"https:\/\/schema.org","@graph":[{"@type":"WebPage","@id":"https:\/\/cyclemadrid.com\/fr\/politique-en-matiere-de-cookies\/","url":"https:\/\/cyclemadrid.com\/fr\/politique-en-matiere-de-cookies\/","name":"Politique en mati\u00e8re de cookies - CycleMadrid P\u00e1gina Oficial%.","isPartOf":{"@id":"https:\/\/cyclemadrid.com\/fr\/#website"},"datePublished":"2023-12-13T08:59:21+00:00","dateModified":"2024-06-24T13:55:42+00:00","description":"Cyclemadrid. Faites du cyclotourisme dans la communaut\u00e9 de Madrid. \u2713 Routes \u2713 Guides \u2713 Destinations \u2713 Circuits organis\u00e9s \u2713 Circuits organis\u00e9s et bien plus encore.","breadcrumb":{"@id":"https:\/\/cyclemadrid.com\/fr\/politique-en-matiere-de-cookies\/#breadcrumb"},"inLanguage":"fr-FR","potentialAction":[{"@type":"ReadAction","target":["https:\/\/cyclemadrid.com\/fr\/politique-en-matiere-de-cookies\/"]}]},{"@type":"BreadcrumbList","@id":"https:\/\/cyclemadrid.com\/fr\/politique-en-matiere-de-cookies\/#breadcrumb","itemListElement":[{"@type":"ListItem","position":1,"name":"Portada","item":"https:\/\/cyclemadrid.com\/fr\/"},{"@type":"ListItem","position":2,"name":"Politique en mati\u00e8re de cookies"}]},{"@type":"WebSite","@id":"https:\/\/cyclemadrid.com\/fr\/#website","url":"https:\/\/cyclemadrid.com\/fr\/","name":"CycleMadrid P\u00e1gina Oficial","description":"P\u00e1gina Oficial de CycleMadrid | Tus rutas de Cicloturismo en la Comunidad de Madrid","publisher":{"@id":"https:\/\/cyclemadrid.com\/fr\/#organization"},"potentialAction":[{"@type":"SearchAction","target":{"@type":"EntryPoint","urlTemplate":"https:\/\/cyclemadrid.com\/fr\/?s={search_term_string}"},"query-input":{"@type":"PropertyValueSpecification","valueRequired":true,"valueName":"search_term_string"}}],"inLanguage":"fr-FR"},{"@type":"Organization","@id":"https:\/\/cyclemadrid.com\/fr\/#organization","name":"Cyclemadrid","url":"https:\/\/cyclemadrid.com\/fr\/","logo":{"@type":"ImageObject","inLanguage":"fr-FR","@id":"https:\/\/cyclemadrid.com\/fr\/#\/schema\/logo\/image\/","url":"https:\/\/cyclemadrid.com\/wp-content\/uploads\/2023\/07\/cyclemadrid.png","contentUrl":"https:\/\/cyclemadrid.com\/wp-content\/uploads\/2023\/07\/cyclemadrid.png","width":32,"height":32,"caption":"Cyclemadrid"},"image":{"@id":"https:\/\/cyclemadrid.com\/fr\/#\/schema\/logo\/image\/"}}]}},"_links":{"self":[{"href":"https:\/\/cyclemadrid.com\/fr\/wp-json\/wp\/v2\/pages\/6005","targetHints":{"allow":["GET"]}}],"collection":[{"href":"https:\/\/cyclemadrid.com\/fr\/wp-json\/wp\/v2\/pages"}],"about":[{"href":"https:\/\/cyclemadrid.com\/fr\/wp-json\/wp\/v2\/types\/page"}],"author":[{"embeddable":true,"href":"https:\/\/cyclemadrid.com\/fr\/wp-json\/wp\/v2\/users\/3"}],"replies":[{"embeddable":true,"href":"https:\/\/cyclemadrid.com\/fr\/wp-json\/wp\/v2\/comments?post=6005"}],"version-history":[{"count":1,"href":"https:\/\/cyclemadrid.com\/fr\/wp-json\/wp\/v2\/pages\/6005\/revisions"}],"predecessor-version":[{"id":6740,"href":"https:\/\/cyclemadrid.com\/fr\/wp-json\/wp\/v2\/pages\/6005\/revisions\/6740"}],"wp:attachment":[{"href":"https:\/\/cyclemadrid.com\/fr\/wp-json\/wp\/v2\/media?parent=6005"}],"curies":[{"name":"wp","href":"https:\/\/api.w.org\/{rel}","templated":true}]}}